{"id":1479,"date":"2026-02-17T19:05:38","date_gmt":"2026-02-17T18:05:38","guid":{"rendered":"https:\/\/www.bichonklub.sk\/petit-chien-lion\/cgrch\/"},"modified":"2026-02-18T18:57:43","modified_gmt":"2026-02-18T17:57:43","slug":"cgrch","status":"publish","type":"page","link":"https:\/\/www.bichonklub.sk\/en\/petit-chien-lion\/cgrch\/","title":{"rendered":"CGRCH"},"content":{"rendered":"\t\t<div data-elementor-type=\"wp-page\" data-elementor-id=\"1479\" class=\"elementor elementor-1479 elementor-296\" data-elementor-post-type=\"page\">\n\t\t\t\t<div class=\"elementor-element elementor-element-199d49d6 e-flex e-con-boxed e-con e-parent\" data-id=\"199d49d6\" data-element_type=\"container\" data-e-type=\"container\">\n\t\t\t\t\t<div class=\"e-con-inner\">\n\t\t\t\t<div class=\"elementor-element elementor-element-50a1723a elementor-widget elementor-widget-toggle\" data-id=\"50a1723a\" data-element_type=\"widget\" data-e-type=\"widget\" data-widget_type=\"toggle.default\">\n\t\t\t\t<div class=\"elementor-widget-container\">\n\t\t\t\t\t\t\t<div class=\"elementor-toggle\">\n\t\t\t\t\t\t\t<div class=\"elementor-toggle-item\">\n\t\t\t\t\t<div id=\"elementor-tab-title-1351\" class=\"elementor-tab-title\" data-tab=\"1\" role=\"button\" aria-controls=\"elementor-tab-content-1351\" aria-expanded=\"false\">\n\t\t\t\t\t\t\t\t\t\t\t\t<span class=\"elementor-toggle-icon elementor-toggle-icon-left\" aria-hidden=\"true\">\n\t\t\t\t\t\t\t\t\t\t\t\t\t\t\t<span class=\"elementor-toggle-icon-closed\"><svg class=\"e-font-icon-svg e-fas-caret-right\" viewBox=\"0 0 192 512\" xmlns=\"http:\/\/www.w3.org\/2000\/svg\"><path d=\"M0 384.662V127.338c0-17.818 21.543-26.741 34.142-14.142l128.662 128.662c7.81 7.81 7.81 20.474 0 28.284L34.142 398.804C21.543 411.404 0 402.48 0 384.662z\"><\/path><\/svg><\/span>\n\t\t\t\t\t\t\t\t<span class=\"elementor-toggle-icon-opened\"><svg class=\"elementor-toggle-icon-opened e-font-icon-svg e-fas-caret-up\" viewBox=\"0 0 320 512\" xmlns=\"http:\/\/www.w3.org\/2000\/svg\"><path d=\"M288.662 352H31.338c-17.818 0-26.741-21.543-14.142-34.142l128.662-128.662c7.81-7.81 20.474-7.81 28.284 0l128.662 128.662c12.6 12.599 3.676 34.142-14.142 34.142z\"><\/path><\/svg><\/span>\n\t\t\t\t\t\t\t\t\t\t\t\t\t<\/span>\n\t\t\t\t\t\t\t\t\t\t\t\t<a class=\"elementor-toggle-title\" tabindex=\"0\">The rules for awarding the title of Club Grand Champion of Beauty<\/a>\n\t\t\t\t\t<\/div>\n\n\t\t\t\t\t<div id=\"elementor-tab-content-1351\" class=\"elementor-tab-content elementor-clearfix\" data-tab=\"1\" role=\"region\" aria-labelledby=\"elementor-tab-title-1351\"><p>The rules for awarding the title of Club Grand Champion of Beauty, hereinafter referred to as &#8220;Club Grand Champion&#8221;, were established and approved by the membership meeting in Svaty Jur on April 20, 2013.<\/p>\n<ul>\n<li>The dog must already hold the Club Champion title.<\/li>\n<li>The dog must obtain at least 3 x CC title at a Club, Special, or other show organized by the BKS club, or participate in it organizationally<\/li>\n<li>&#8220;CC&#8221; titles must be earned in Champion class only.<\/li>\n<li>The owner of the dog fills in the online application for the title of Club Grand Champion, which he sends together with the pedigree, reports from the given shows and \u201cGrCC\u201d cards to the address of the exhibition officer, whose address is also given in the application for the title.<\/li>\n<li>If a &#8220;CC&#8221; from the champion class has already been used for the earlier award of the &#8220;Club Champion&#8221; title, the owner cannot use it for the award of the &#8220;Club Grand Champion&#8221; title = he must obtain 3 new CC titles. The correctness of the use of CC titles will be verified by the exhibition officer when verifying the application for the award of the title.<\/li>\n<li>The exhibition clerk receives and assesses the application. If it is in order, he will assign the given dog a serial number, under this number he will also issue a diploma to the dog. If something is missing in the application or it is unauthorized, he will send the papers back to the dog owner&#8217;s address, along with a statement. The exhibition clerk has the right to mark the acquisition of the Club Grand Champion of Beauty in the dog&#8217;s pedigree &#8211; in the results from exhibitions section.<\/li>\n<li>The diploma together with the winning cup will be presented to the owner of the dog at the next membership meeting.<\/li>\n<\/ul>\n<\/div>\n\t\t\t\t<\/div>\n\t\t\t\t\t\t\t\t<\/div>\n\t\t\t\t\t\t<\/div>\n\t\t\t\t<\/div>\n\t\t\t\t<div class=\"elementor-element elementor-element-105d978 elementor-widget elementor-widget-text-editor\" data-id=\"105d978\" data-element_type=\"widget\" data-e-type=\"widget\" data-widget_type=\"text-editor.default\">\n\t\t\t\t<div class=\"elementor-widget-container\">\n\t\t\t\t\t\t\t\t\t<p>11\/2018 <strong>Lions of Denmark PASSION OF LOVE<\/strong><br>09\/2018 <strong>Cleeview CONSTANCE<\/strong><br>08\/2018 <strong>Cossu\u00b4s ORLANDO BLOOM<\/strong><br>02\/2014 <strong>NIARA Noblesa Aura<\/strong><br>01\/2014 <strong>AMIE DE LOUVRE V\u00edt\u011bzn\u00e1<\/strong><\/p>\t\t\t\t\t\t\t\t<\/div>\n\t\t\t\t<\/div>\n\t\t\t\t<div class=\"elementor-element elementor-element-1671f9e5 elementor-widget elementor-widget-gallery\" data-id=\"1671f9e5\" data-element_type=\"widget\" data-e-type=\"widget\" data-settings=\"{&quot;gallery_layout&quot;:&quot;justified&quot;,&quot;overlay_description&quot;:&quot;caption&quot;,&quot;lazyload&quot;:&quot;yes&quot;,&quot;ideal_row_height&quot;:{&quot;unit&quot;:&quot;px&quot;,&quot;size&quot;:200,&quot;sizes&quot;:[]},&quot;ideal_row_height_tablet&quot;:{&quot;unit&quot;:&quot;px&quot;,&quot;size&quot;:150,&quot;sizes&quot;:[]},&quot;ideal_row_height_mobile&quot;:{&quot;unit&quot;:&quot;px&quot;,&quot;size&quot;:150,&quot;sizes&quot;:[]},&quot;gap&quot;:{&quot;unit&quot;:&quot;px&quot;,&quot;size&quot;:10,&quot;sizes&quot;:[]},&quot;gap_tablet&quot;:{&quot;unit&quot;:&quot;px&quot;,&quot;size&quot;:10,&quot;sizes&quot;:[]},&quot;gap_mobile&quot;:{&quot;unit&quot;:&quot;px&quot;,&quot;size&quot;:10,&quot;sizes&quot;:[]},&quot;link_to&quot;:&quot;file&quot;,&quot;overlay_background&quot;:&quot;yes&quot;,&quot;content_hover_animation&quot;:&quot;fade-in&quot;}\" data-widget_type=\"gallery.default\">\n\t\t\t\t<div class=\"elementor-widget-container\">\n\t\t\t\t\t\t\t<div class=\"elementor-gallery__container\">\n\t\t\t\t\t\t\t<a class=\"e-gallery-item elementor-gallery-item elementor-animated-content\" href=\"https:\/\/www.bichonklub.sk\/wp-content\/uploads\/2022\/07\/Lions-of-Denmark-PASSION-OF-LOVE.jpg\" data-elementor-open-lightbox=\"yes\" data-elementor-lightbox-slideshow=\"1671f9e5\" data-e-action-hash=\"#elementor-action%3Aaction%3Dlightbox%26settings%3DeyJpZCI6OTYwLCJ1cmwiOiJodHRwczpcL1wvd3d3LmJpY2hvbmtsdWIuc2tcL3dwLWNvbnRlbnRcL3VwbG9hZHNcLzIwMjJcLzA3XC9MaW9ucy1vZi1EZW5tYXJrLVBBU1NJT04tT0YtTE9WRS5qcGciLCJzbGlkZXNob3ciOiIxNjcxZjllNSJ9\">\n\t\t\t\t\t<div class=\"e-gallery-image elementor-gallery-item__image\" data-thumbnail=\"https:\/\/www.bichonklub.sk\/wp-content\/uploads\/2022\/07\/Lions-of-Denmark-PASSION-OF-LOVE.jpg\" data-width=\"786\" data-height=\"523\" aria-label=\"\" role=\"img\" ><\/div>\n\t\t\t\t\t\t\t\t\t\t\t<div class=\"elementor-gallery-item__overlay\"><\/div>\n\t\t\t\t\t\t\t\t\t\t\t\t\t\t\t<div class=\"elementor-gallery-item__content\">\n\t\t\t\t\t\t\t\t\t\t\t<\/div>\n\t\t\t\t\t\t\t\t\t<\/a>\n\t\t\t\t\t\t\t<a class=\"e-gallery-item elementor-gallery-item elementor-animated-content\" href=\"https:\/\/www.bichonklub.sk\/wp-content\/uploads\/2022\/07\/Cleeview-CONSTANCE.jpeg\" data-elementor-open-lightbox=\"yes\" data-elementor-lightbox-slideshow=\"1671f9e5\" data-e-action-hash=\"#elementor-action%3Aaction%3Dlightbox%26settings%3DeyJpZCI6MTAwNiwidXJsIjoiaHR0cHM6XC9cL3d3dy5iaWNob25rbHViLnNrXC93cC1jb250ZW50XC91cGxvYWRzXC8yMDIyXC8wN1wvQ2xlZXZpZXctQ09OU1RBTkNFLmpwZWciLCJzbGlkZXNob3ciOiIxNjcxZjllNSJ9\">\n\t\t\t\t\t<div class=\"e-gallery-image elementor-gallery-item__image\" data-thumbnail=\"https:\/\/www.bichonklub.sk\/wp-content\/uploads\/2022\/07\/Cleeview-CONSTANCE.jpeg\" data-width=\"420\" data-height=\"326\" aria-label=\"\" role=\"img\" ><\/div>\n\t\t\t\t\t\t\t\t\t\t\t<div class=\"elementor-gallery-item__overlay\"><\/div>\n\t\t\t\t\t\t\t\t\t\t\t\t\t\t\t<div class=\"elementor-gallery-item__content\">\n\t\t\t\t\t\t\t\t\t\t\t<\/div>\n\t\t\t\t\t\t\t\t\t<\/a>\n\t\t\t\t\t\t\t<a class=\"e-gallery-item elementor-gallery-item elementor-animated-content\" href=\"https:\/\/www.bichonklub.sk\/wp-content\/uploads\/2022\/07\/Cossus-ORLANDO-BLOOM.jpeg\" data-elementor-open-lightbox=\"yes\" data-elementor-lightbox-slideshow=\"1671f9e5\" data-e-action-hash=\"#elementor-action%3Aaction%3Dlightbox%26settings%3DeyJpZCI6MTAwNywidXJsIjoiaHR0cHM6XC9cL3d3dy5iaWNob25rbHViLnNrXC93cC1jb250ZW50XC91cGxvYWRzXC8yMDIyXC8wN1wvQ29zc3VzLU9STEFORE8tQkxPT00uanBlZyIsInNsaWRlc2hvdyI6IjE2NzFmOWU1In0%3D\">\n\t\t\t\t\t<div class=\"e-gallery-image elementor-gallery-item__image\" data-thumbnail=\"https:\/\/www.bichonklub.sk\/wp-content\/uploads\/2022\/07\/Cossus-ORLANDO-BLOOM.jpeg\" data-width=\"416\" data-height=\"336\" aria-label=\"\" role=\"img\" ><\/div>\n\t\t\t\t\t\t\t\t\t\t\t<div class=\"elementor-gallery-item__overlay\"><\/div>\n\t\t\t\t\t\t\t\t\t\t\t\t\t\t\t<div class=\"elementor-gallery-item__content\">\n\t\t\t\t\t\t\t\t\t\t\t<\/div>\n\t\t\t\t\t\t\t\t\t<\/a>\n\t\t\t\t\t\t\t<a class=\"e-gallery-item elementor-gallery-item elementor-animated-content\" href=\"https:\/\/www.bichonklub.sk\/wp-content\/uploads\/2022\/07\/NIARA-Noblesa-Aura.jpeg\" data-elementor-open-lightbox=\"yes\" data-elementor-lightbox-slideshow=\"1671f9e5\" data-e-action-hash=\"#elementor-action%3Aaction%3Dlightbox%26settings%3DeyJpZCI6MTAwOCwidXJsIjoiaHR0cHM6XC9cL3d3dy5iaWNob25rbHViLnNrXC93cC1jb250ZW50XC91cGxvYWRzXC8yMDIyXC8wN1wvTklBUkEtTm9ibGVzYS1BdXJhLmpwZWciLCJzbGlkZXNob3ciOiIxNjcxZjllNSJ9\">\n\t\t\t\t\t<div class=\"e-gallery-image elementor-gallery-item__image\" data-thumbnail=\"https:\/\/www.bichonklub.sk\/wp-content\/uploads\/2022\/07\/NIARA-Noblesa-Aura.jpeg\" data-width=\"250\" data-height=\"211\" aria-label=\"\" role=\"img\" ><\/div>\n\t\t\t\t\t\t\t\t\t\t\t<div class=\"elementor-gallery-item__overlay\"><\/div>\n\t\t\t\t\t\t\t\t\t\t\t\t\t\t\t<div class=\"elementor-gallery-item__content\">\n\t\t\t\t\t\t\t\t\t\t\t<\/div>\n\t\t\t\t\t\t\t\t\t<\/a>\n\t\t\t\t\t\t\t<a class=\"e-gallery-item elementor-gallery-item elementor-animated-content\" href=\"https:\/\/www.bichonklub.sk\/wp-content\/uploads\/2022\/07\/AMIE-DE-LOUVRE-Vitezna-GRCH.jpeg\" data-elementor-open-lightbox=\"yes\" data-elementor-lightbox-slideshow=\"1671f9e5\" data-e-action-hash=\"#elementor-action%3Aaction%3Dlightbox%26settings%3DeyJpZCI6MTAwNSwidXJsIjoiaHR0cHM6XC9cL3d3dy5iaWNob25rbHViLnNrXC93cC1jb250ZW50XC91cGxvYWRzXC8yMDIyXC8wN1wvQU1JRS1ERS1MT1VWUkUtVml0ZXpuYS1HUkNILmpwZWciLCJzbGlkZXNob3ciOiIxNjcxZjllNSJ9\">\n\t\t\t\t\t<div class=\"e-gallery-image elementor-gallery-item__image\" data-thumbnail=\"https:\/\/www.bichonklub.sk\/wp-content\/uploads\/2022\/07\/AMIE-DE-LOUVRE-Vitezna-GRCH.jpeg\" data-width=\"678\" data-height=\"553\" aria-label=\"\" role=\"img\" ><\/div>\n\t\t\t\t\t\t\t\t\t\t\t<div class=\"elementor-gallery-item__overlay\"><\/div>\n\t\t\t\t\t\t\t\t\t\t\t\t\t\t\t<div class=\"elementor-gallery-item__content\">\n\t\t\t\t\t\t\t\t\t\t\t<\/div>\n\t\t\t\t\t\t\t\t\t<\/a>\n\t\t\t\t\t<\/div>\n\t\t\t\t\t<\/div>\n\t\t\t\t<\/div>\n\t\t\t\t\t<\/div>\n\t\t\t\t<\/div>\n\t\t\t\t<\/div>\n\t\t","protected":false},"excerpt":{"rendered":"<p>The rules for awarding the title of Club Grand Champion of Beauty The rules for awarding the title of Club Grand Champion of Beauty, hereinafter referred to as &#8222;Club Grand Champion&#8220;, were established and approved by the membership meeting in Svaty Jur on April 20, 2013. The dog must already hold the Club Champion title. [&hellip;]<\/p>\n","protected":false},"author":2,"featured_media":0,"parent":1136,"menu_order":0,"comment_status":"closed","ping_status":"closed","template":"","meta":{"_angie_page":false,"slim_seo":{"title":"CGRCH - Bichon klub Slovensko","description":"The rules for awarding the title of Club Grand Champion of Beauty The rules for awarding the title of Club Grand Champion of Beauty, hereinafter referred to as"},"iawp_total_views":1,"footnotes":""},"class_list":["post-1479","page","type-page","status-publish","hentry"],"_links":{"self":[{"href":"https:\/\/www.bichonklub.sk\/en\/wp-json\/wp\/v2\/pages\/1479","targetHints":{"allow":["GET"]}}],"collection":[{"href":"https:\/\/www.bichonklub.sk\/en\/wp-json\/wp\/v2\/pages"}],"about":[{"href":"https:\/\/www.bichonklub.sk\/en\/wp-json\/wp\/v2\/types\/page"}],"author":[{"embeddable":true,"href":"https:\/\/www.bichonklub.sk\/en\/wp-json\/wp\/v2\/users\/2"}],"replies":[{"embeddable":true,"href":"https:\/\/www.bichonklub.sk\/en\/wp-json\/wp\/v2\/comments?post=1479"}],"version-history":[{"count":5,"href":"https:\/\/www.bichonklub.sk\/en\/wp-json\/wp\/v2\/pages\/1479\/revisions"}],"predecessor-version":[{"id":7411,"href":"https:\/\/www.bichonklub.sk\/en\/wp-json\/wp\/v2\/pages\/1479\/revisions\/7411"}],"up":[{"embeddable":true,"href":"https:\/\/www.bichonklub.sk\/en\/wp-json\/wp\/v2\/pages\/1136"}],"wp:attachment":[{"href":"https:\/\/www.bichonklub.sk\/en\/wp-json\/wp\/v2\/media?parent=1479"}],"curies":[{"name":"wp","href":"https:\/\/api.w.org\/{rel}","templated":true}]}}