{"id":1475,"date":"2026-02-17T19:04:09","date_gmt":"2026-02-17T18:04:09","guid":{"rendered":"https:\/\/www.bichonklub.sk\/petit-chien-lion\/cch\/"},"modified":"2026-02-18T18:56:44","modified_gmt":"2026-02-18T17:56:44","slug":"cch","status":"publish","type":"page","link":"https:\/\/www.bichonklub.sk\/en\/petit-chien-lion\/cch\/","title":{"rendered":"CCH"},"content":{"rendered":"\t\t<div data-elementor-type=\"wp-page\" data-elementor-id=\"1475\" class=\"elementor elementor-1475 elementor-302\" data-elementor-post-type=\"page\">\n\t\t\t\t<div class=\"elementor-element elementor-element-386ba50d e-flex e-con-boxed e-con e-parent\" data-id=\"386ba50d\" data-element_type=\"container\" data-e-type=\"container\">\n\t\t\t\t\t<div class=\"e-con-inner\">\n\t\t\t\t<div class=\"elementor-element elementor-element-54266a4d elementor-widget elementor-widget-toggle\" data-id=\"54266a4d\" data-element_type=\"widget\" data-e-type=\"widget\" data-widget_type=\"toggle.default\">\n\t\t\t\t<div class=\"elementor-widget-container\">\n\t\t\t\t\t\t\t<div class=\"elementor-toggle\">\n\t\t\t\t\t\t\t<div class=\"elementor-toggle-item\">\n\t\t\t\t\t<div id=\"elementor-tab-title-1411\" class=\"elementor-tab-title\" data-tab=\"1\" role=\"button\" aria-controls=\"elementor-tab-content-1411\" aria-expanded=\"false\">\n\t\t\t\t\t\t\t\t\t\t\t\t<span class=\"elementor-toggle-icon elementor-toggle-icon-left\" aria-hidden=\"true\">\n\t\t\t\t\t\t\t\t\t\t\t\t\t\t\t<span class=\"elementor-toggle-icon-closed\"><svg class=\"e-font-icon-svg e-fas-caret-right\" viewBox=\"0 0 192 512\" xmlns=\"http:\/\/www.w3.org\/2000\/svg\"><path d=\"M0 384.662V127.338c0-17.818 21.543-26.741 34.142-14.142l128.662 128.662c7.81 7.81 7.81 20.474 0 28.284L34.142 398.804C21.543 411.404 0 402.48 0 384.662z\"><\/path><\/svg><\/span>\n\t\t\t\t\t\t\t\t<span class=\"elementor-toggle-icon-opened\"><svg class=\"elementor-toggle-icon-opened e-font-icon-svg e-fas-caret-up\" viewBox=\"0 0 320 512\" xmlns=\"http:\/\/www.w3.org\/2000\/svg\"><path d=\"M288.662 352H31.338c-17.818 0-26.741-21.543-14.142-34.142l128.662-128.662c7.81-7.81 20.474-7.81 28.284 0l128.662 128.662c12.6 12.599 3.676 34.142-14.142 34.142z\"><\/path><\/svg><\/span>\n\t\t\t\t\t\t\t\t\t\t\t\t\t<\/span>\n\t\t\t\t\t\t\t\t\t\t\t\t<a class=\"elementor-toggle-title\" tabindex=\"0\">The rules for awarding the title Club Beauty Champion,<\/a>\n\t\t\t\t\t<\/div>\n\n\t\t\t\t\t<div id=\"elementor-tab-content-1411\" class=\"elementor-tab-content elementor-clearfix\" data-tab=\"1\" role=\"region\" aria-labelledby=\"elementor-tab-title-1411\"><p>hereinafter referred to as &#8220;Club Champion&#8221;, were changed and approved by the members&#8217; meeting in Svaty Jur on April 21, 2012.<\/p>\n<ul>\n<li>The dog must be at least 15 months old.<\/li>\n<li>The dog must obtain 4 x CC title at a Club, Special, or other exhibition organized by the BKS club, or in which it participates in the organization.<\/li>\n<li>&#8220;CC&#8221; titles can be earned in Intermediate, Open, Champion classes.<\/li>\n<li>Titles must be obtained in at least two show seasons.<\/li>\n<li>The owner of the dog fills in the online application for the title of Club Champion, which he sends together with the pedigree, reports from the given shows and \u201cCC\u201d cards to the address of the exhibition officer, whose address is also given in the application for the title<\/li>\n<li>The exhibition clerk receives and assesses the application. If it is in order, he will assign the given dog a serial number, under this number he will also issue a diploma to the dog. If something is missing in the application or it is unauthorized, he will send the papers back to the dog owner&#8217;s address, along with a statement. The exhibition official has the right to mark the acquisition of the Club Beauty Champion in the pedigree of the dog &#8211; in the results from exhibitions section.<\/li>\n<li>The diploma together with the winning cup will be presented to the owner of the dog at the next membership meeting.<\/li>\n<\/ul>\n<\/div>\n\t\t\t\t<\/div>\n\t\t\t\t\t\t\t\t<\/div>\n\t\t\t\t\t\t<\/div>\n\t\t\t\t<\/div>\n\t\t\t\t<div class=\"elementor-element elementor-element-18a07d4e elementor-widget elementor-widget-text-editor\" data-id=\"18a07d4e\" data-element_type=\"widget\" data-e-type=\"widget\" data-widget_type=\"text-editor.default\">\n\t\t\t\t<div class=\"elementor-widget-container\">\n\t\t\t\t\t\t\t\t\t<p>50\/2023<span class=\"Apple-converted-space\">  <\/span><strong>FIDORKA Temperance Star st. Martin<\/strong><br>36\/2018 <strong>Cleeview CONSTANCE<\/strong><br>35\/2018 <strong>CALEA CANA My Paw<\/strong><br>29\/2017 <strong>Lions of Denmark PASSION OF LOVE<\/strong><br>15\/2015 <strong>Cossu\u00b4s ORLANDO BLOOM<\/strong><br>14\/2015 <strong>HEAVEN VON May Mor<\/strong><br>03\/2012 <strong>NIARA Noblesa Aura<br><\/strong>2010 <strong>AMIE DE LOUVRE V\u00edt\u011bzn\u00e1<\/strong><br><strong>BOREAS BLEYS E\u00b4Nobil\u00ed Loc\u00f3 Fr\u00e1gopole<\/strong><\/p>\t\t\t\t\t\t\t\t<\/div>\n\t\t\t\t<\/div>\n\t\t\t\t<div class=\"elementor-element elementor-element-5546f4e2 elementor-widget elementor-widget-gallery\" data-id=\"5546f4e2\" data-element_type=\"widget\" data-e-type=\"widget\" data-settings=\"{&quot;overlay_description&quot;:&quot;caption&quot;,&quot;lazyload&quot;:&quot;yes&quot;,&quot;gallery_layout&quot;:&quot;grid&quot;,&quot;columns&quot;:4,&quot;columns_tablet&quot;:2,&quot;columns_mobile&quot;:1,&quot;gap&quot;:{&quot;unit&quot;:&quot;px&quot;,&quot;size&quot;:10,&quot;sizes&quot;:[]},&quot;gap_tablet&quot;:{&quot;unit&quot;:&quot;px&quot;,&quot;size&quot;:10,&quot;sizes&quot;:[]},&quot;gap_mobile&quot;:{&quot;unit&quot;:&quot;px&quot;,&quot;size&quot;:10,&quot;sizes&quot;:[]},&quot;link_to&quot;:&quot;file&quot;,&quot;aspect_ratio&quot;:&quot;3:2&quot;,&quot;overlay_background&quot;:&quot;yes&quot;,&quot;content_hover_animation&quot;:&quot;fade-in&quot;}\" data-widget_type=\"gallery.default\">\n\t\t\t\t<div class=\"elementor-widget-container\">\n\t\t\t\t\t\t\t<div class=\"elementor-gallery__container\">\n\t\t\t\t\t\t\t<a class=\"e-gallery-item elementor-gallery-item elementor-animated-content\" href=\"https:\/\/www.bichonklub.sk\/wp-content\/uploads\/2022\/07\/Cleeview-CONSTANCE.jpeg\" data-elementor-open-lightbox=\"yes\" data-elementor-lightbox-slideshow=\"5546f4e2\" data-e-action-hash=\"#elementor-action%3Aaction%3Dlightbox%26settings%3DeyJpZCI6MTAwNiwidXJsIjoiaHR0cHM6XC9cL3d3dy5iaWNob25rbHViLnNrXC93cC1jb250ZW50XC91cGxvYWRzXC8yMDIyXC8wN1wvQ2xlZXZpZXctQ09OU1RBTkNFLmpwZWciLCJzbGlkZXNob3ciOiI1NTQ2ZjRlMiJ9\">\n\t\t\t\t\t<div class=\"e-gallery-image elementor-gallery-item__image\" data-thumbnail=\"https:\/\/www.bichonklub.sk\/wp-content\/uploads\/2022\/07\/Cleeview-CONSTANCE.jpeg\" data-width=\"420\" data-height=\"326\" aria-label=\"\" role=\"img\" ><\/div>\n\t\t\t\t\t\t\t\t\t\t\t<div class=\"elementor-gallery-item__overlay\"><\/div>\n\t\t\t\t\t\t\t\t\t\t\t\t\t\t\t<div class=\"elementor-gallery-item__content\">\n\t\t\t\t\t\t\t\t\t\t\t<\/div>\n\t\t\t\t\t\t\t\t\t<\/a>\n\t\t\t\t\t\t\t<a class=\"e-gallery-item elementor-gallery-item elementor-animated-content\" href=\"https:\/\/www.bichonklub.sk\/wp-content\/uploads\/2022\/07\/Calea-Cana-My-Paw.jpeg\" data-elementor-open-lightbox=\"yes\" data-elementor-lightbox-slideshow=\"5546f4e2\" data-e-action-hash=\"#elementor-action%3Aaction%3Dlightbox%26settings%3DeyJpZCI6OTQ1LCJ1cmwiOiJodHRwczpcL1wvd3d3LmJpY2hvbmtsdWIuc2tcL3dwLWNvbnRlbnRcL3VwbG9hZHNcLzIwMjJcLzA3XC9DYWxlYS1DYW5hLU15LVBhdy5qcGVnIiwic2xpZGVzaG93IjoiNTU0NmY0ZTIifQ%3D%3D\">\n\t\t\t\t\t<div class=\"e-gallery-image elementor-gallery-item__image\" data-thumbnail=\"https:\/\/www.bichonklub.sk\/wp-content\/uploads\/2022\/07\/Calea-Cana-My-Paw.jpeg\" data-width=\"880\" data-height=\"632\" aria-label=\"\" role=\"img\" ><\/div>\n\t\t\t\t\t\t\t\t\t\t\t<div class=\"elementor-gallery-item__overlay\"><\/div>\n\t\t\t\t\t\t\t\t\t\t\t\t\t\t\t<div class=\"elementor-gallery-item__content\">\n\t\t\t\t\t\t\t\t\t\t\t<\/div>\n\t\t\t\t\t\t\t\t\t<\/a>\n\t\t\t\t\t\t\t<a class=\"e-gallery-item elementor-gallery-item elementor-animated-content\" href=\"https:\/\/www.bichonklub.sk\/wp-content\/uploads\/2022\/07\/Lions-of-Denmark-PASSION-OF-LOVE.jpg\" data-elementor-open-lightbox=\"yes\" data-elementor-lightbox-slideshow=\"5546f4e2\" data-e-action-hash=\"#elementor-action%3Aaction%3Dlightbox%26settings%3DeyJpZCI6OTYwLCJ1cmwiOiJodHRwczpcL1wvd3d3LmJpY2hvbmtsdWIuc2tcL3dwLWNvbnRlbnRcL3VwbG9hZHNcLzIwMjJcLzA3XC9MaW9ucy1vZi1EZW5tYXJrLVBBU1NJT04tT0YtTE9WRS5qcGciLCJzbGlkZXNob3ciOiI1NTQ2ZjRlMiJ9\">\n\t\t\t\t\t<div class=\"e-gallery-image elementor-gallery-item__image\" data-thumbnail=\"https:\/\/www.bichonklub.sk\/wp-content\/uploads\/2022\/07\/Lions-of-Denmark-PASSION-OF-LOVE.jpg\" data-width=\"786\" data-height=\"523\" aria-label=\"\" role=\"img\" ><\/div>\n\t\t\t\t\t\t\t\t\t\t\t<div class=\"elementor-gallery-item__overlay\"><\/div>\n\t\t\t\t\t\t\t\t\t\t\t\t\t\t\t<div class=\"elementor-gallery-item__content\">\n\t\t\t\t\t\t\t\t\t\t\t<\/div>\n\t\t\t\t\t\t\t\t\t<\/a>\n\t\t\t\t\t\t\t<a class=\"e-gallery-item elementor-gallery-item elementor-animated-content\" href=\"https:\/\/www.bichonklub.sk\/wp-content\/uploads\/2022\/07\/Cossus-ORLANDO-BLOOM.jpeg\" data-elementor-open-lightbox=\"yes\" data-elementor-lightbox-slideshow=\"5546f4e2\" data-e-action-hash=\"#elementor-action%3Aaction%3Dlightbox%26settings%3DeyJpZCI6MTAwNywidXJsIjoiaHR0cHM6XC9cL3d3dy5iaWNob25rbHViLnNrXC93cC1jb250ZW50XC91cGxvYWRzXC8yMDIyXC8wN1wvQ29zc3VzLU9STEFORE8tQkxPT00uanBlZyIsInNsaWRlc2hvdyI6IjU1NDZmNGUyIn0%3D\">\n\t\t\t\t\t<div class=\"e-gallery-image elementor-gallery-item__image\" data-thumbnail=\"https:\/\/www.bichonklub.sk\/wp-content\/uploads\/2022\/07\/Cossus-ORLANDO-BLOOM.jpeg\" data-width=\"416\" data-height=\"336\" aria-label=\"\" role=\"img\" ><\/div>\n\t\t\t\t\t\t\t\t\t\t\t<div class=\"elementor-gallery-item__overlay\"><\/div>\n\t\t\t\t\t\t\t\t\t\t\t\t\t\t\t<div class=\"elementor-gallery-item__content\">\n\t\t\t\t\t\t\t\t\t\t\t<\/div>\n\t\t\t\t\t\t\t\t\t<\/a>\n\t\t\t\t\t\t\t<a class=\"e-gallery-item elementor-gallery-item elementor-animated-content\" href=\"https:\/\/www.bichonklub.sk\/wp-content\/uploads\/2022\/07\/NIARA-Noblesa-Aura.jpeg\" data-elementor-open-lightbox=\"yes\" data-elementor-lightbox-slideshow=\"5546f4e2\" data-e-action-hash=\"#elementor-action%3Aaction%3Dlightbox%26settings%3DeyJpZCI6MTAwOCwidXJsIjoiaHR0cHM6XC9cL3d3dy5iaWNob25rbHViLnNrXC93cC1jb250ZW50XC91cGxvYWRzXC8yMDIyXC8wN1wvTklBUkEtTm9ibGVzYS1BdXJhLmpwZWciLCJzbGlkZXNob3ciOiI1NTQ2ZjRlMiJ9\">\n\t\t\t\t\t<div class=\"e-gallery-image elementor-gallery-item__image\" data-thumbnail=\"https:\/\/www.bichonklub.sk\/wp-content\/uploads\/2022\/07\/NIARA-Noblesa-Aura.jpeg\" data-width=\"250\" data-height=\"211\" aria-label=\"\" role=\"img\" ><\/div>\n\t\t\t\t\t\t\t\t\t\t\t<div class=\"elementor-gallery-item__overlay\"><\/div>\n\t\t\t\t\t\t\t\t\t\t\t\t\t\t\t<div class=\"elementor-gallery-item__content\">\n\t\t\t\t\t\t\t\t\t\t\t<\/div>\n\t\t\t\t\t\t\t\t\t<\/a>\n\t\t\t\t\t\t\t<a class=\"e-gallery-item elementor-gallery-item elementor-animated-content\" href=\"https:\/\/www.bichonklub.sk\/wp-content\/uploads\/2022\/07\/AMIE-DE-LOUVRE-Vitezna-GRCH.jpeg\" data-elementor-open-lightbox=\"yes\" data-elementor-lightbox-slideshow=\"5546f4e2\" data-e-action-hash=\"#elementor-action%3Aaction%3Dlightbox%26settings%3DeyJpZCI6MTAwNSwidXJsIjoiaHR0cHM6XC9cL3d3dy5iaWNob25rbHViLnNrXC93cC1jb250ZW50XC91cGxvYWRzXC8yMDIyXC8wN1wvQU1JRS1ERS1MT1VWUkUtVml0ZXpuYS1HUkNILmpwZWciLCJzbGlkZXNob3ciOiI1NTQ2ZjRlMiJ9\">\n\t\t\t\t\t<div class=\"e-gallery-image elementor-gallery-item__image\" data-thumbnail=\"https:\/\/www.bichonklub.sk\/wp-content\/uploads\/2022\/07\/AMIE-DE-LOUVRE-Vitezna-GRCH.jpeg\" data-width=\"678\" data-height=\"553\" aria-label=\"\" role=\"img\" ><\/div>\n\t\t\t\t\t\t\t\t\t\t\t<div class=\"elementor-gallery-item__overlay\"><\/div>\n\t\t\t\t\t\t\t\t\t\t\t\t\t\t\t<div class=\"elementor-gallery-item__content\">\n\t\t\t\t\t\t\t\t\t\t\t<\/div>\n\t\t\t\t\t\t\t\t\t<\/a>\n\t\t\t\t\t\t\t<a class=\"e-gallery-item elementor-gallery-item elementor-animated-content\" href=\"https:\/\/www.bichonklub.sk\/wp-content\/uploads\/2022\/07\/BOREAS-BLEYSE-Nobili-Loco-Fragopole.jpeg\" data-elementor-open-lightbox=\"yes\" data-elementor-lightbox-slideshow=\"5546f4e2\" data-e-action-hash=\"#elementor-action%3Aaction%3Dlightbox%26settings%3DeyJpZCI6MTAwOSwidXJsIjoiaHR0cHM6XC9cL3d3dy5iaWNob25rbHViLnNrXC93cC1jb250ZW50XC91cGxvYWRzXC8yMDIyXC8wN1wvQk9SRUFTLUJMRVlTRS1Ob2JpbGktTG9jby1GcmFnb3BvbGUuanBlZyIsInNsaWRlc2hvdyI6IjU1NDZmNGUyIn0%3D\">\n\t\t\t\t\t<div class=\"e-gallery-image elementor-gallery-item__image\" data-thumbnail=\"https:\/\/www.bichonklub.sk\/wp-content\/uploads\/2022\/07\/BOREAS-BLEYSE-Nobili-Loco-Fragopole.jpeg\" data-width=\"250\" data-height=\"206\" aria-label=\"\" role=\"img\" ><\/div>\n\t\t\t\t\t\t\t\t\t\t\t<div class=\"elementor-gallery-item__overlay\"><\/div>\n\t\t\t\t\t\t\t\t\t\t\t\t\t\t\t<div class=\"elementor-gallery-item__content\">\n\t\t\t\t\t\t\t\t\t\t\t<\/div>\n\t\t\t\t\t\t\t\t\t<\/a>\n\t\t\t\t\t<\/div>\n\t\t\t\t\t<\/div>\n\t\t\t\t<\/div>\n\t\t\t\t\t<\/div>\n\t\t\t\t<\/div>\n\t\t\t\t<\/div>\n\t\t","protected":false},"excerpt":{"rendered":"<p>The rules for awarding the title Club Beauty Champion, hereinafter referred to as &#8220;Club Champion&#8221;, were changed and approved by the members&#8217; meeting in Svaty Jur on April 21, 2012. The dog must be at least 15 months old. The dog must obtain 4 x CC title at a Club, Special, or other exhibition organized [&hellip;]<\/p>\n","protected":false},"author":2,"featured_media":0,"parent":1136,"menu_order":0,"comment_status":"closed","ping_status":"closed","template":"","meta":{"_angie_page":false,"slim_seo":{"title":"CCH - Bichon klub Slovensko","description":"The rules for awarding the title Club Beauty Champion, hereinafter referred to as &#8220;Club Champion&#8221;, were changed and approved by the members&#8217; m"},"iawp_total_views":5,"footnotes":""},"class_list":["post-1475","page","type-page","status-publish","hentry"],"_links":{"self":[{"href":"https:\/\/www.bichonklub.sk\/en\/wp-json\/wp\/v2\/pages\/1475","targetHints":{"allow":["GET"]}}],"collection":[{"href":"https:\/\/www.bichonklub.sk\/en\/wp-json\/wp\/v2\/pages"}],"about":[{"href":"https:\/\/www.bichonklub.sk\/en\/wp-json\/wp\/v2\/types\/page"}],"author":[{"embeddable":true,"href":"https:\/\/www.bichonklub.sk\/en\/wp-json\/wp\/v2\/users\/2"}],"replies":[{"embeddable":true,"href":"https:\/\/www.bichonklub.sk\/en\/wp-json\/wp\/v2\/comments?post=1475"}],"version-history":[{"count":4,"href":"https:\/\/www.bichonklub.sk\/en\/wp-json\/wp\/v2\/pages\/1475\/revisions"}],"predecessor-version":[{"id":7406,"href":"https:\/\/www.bichonklub.sk\/en\/wp-json\/wp\/v2\/pages\/1475\/revisions\/7406"}],"up":[{"embeddable":true,"href":"https:\/\/www.bichonklub.sk\/en\/wp-json\/wp\/v2\/pages\/1136"}],"wp:attachment":[{"href":"https:\/\/www.bichonklub.sk\/en\/wp-json\/wp\/v2\/media?parent=1475"}],"curies":[{"name":"wp","href":"https:\/\/api.w.org\/{rel}","templated":true}]}}