{"id":1463,"date":"2022-07-08T08:33:45","date_gmt":"2022-07-08T06:33:45","guid":{"rendered":"https:\/\/www.bichonklub.sk\/petit-chien-lion\/kennels\/"},"modified":"2026-02-12T18:44:59","modified_gmt":"2026-02-12T17:44:59","slug":"kennels","status":"publish","type":"page","link":"https:\/\/www.bichonklub.sk\/en\/petit-chien-lion\/kennels\/","title":{"rendered":"Kennels"},"content":{"rendered":"\t\t<div data-elementor-type=\"wp-page\" data-elementor-id=\"1463\" class=\"elementor elementor-1463 elementor-392\" data-elementor-post-type=\"page\">\n\t\t\t\t<div class=\"elementor-element elementor-element-48831be0 e-flex e-con-boxed e-con e-parent\" data-id=\"48831be0\" data-element_type=\"container\" data-e-type=\"container\">\n\t\t\t\t\t<div class=\"e-con-inner\">\n\t\t\t\t<div class=\"elementor-element elementor-element-6188ab60 elementor-widget elementor-widget-heading\" data-id=\"6188ab60\" data-element_type=\"widget\" data-e-type=\"widget\" data-widget_type=\"heading.default\">\n\t\t\t\t<div class=\"elementor-widget-container\">\n\t\t\t\t\t<h2 class=\"elementor-heading-title elementor-size-default\">Kennels <\/h2>\t\t\t\t<\/div>\n\t\t\t\t<\/div>\n\t\t\t\t<div class=\"elementor-element elementor-element-5585d34a elementor-widget elementor-widget-text-editor\" data-id=\"5585d34a\" data-element_type=\"widget\" data-e-type=\"widget\" data-widget_type=\"text-editor.default\">\n\t\t\t\t<div class=\"elementor-widget-container\">\n\t\t\t\t\t\t\t\t\t<p><a href=\"http:\/\/www.alwaro.com.pl\"><strong>ALWARO<\/strong><\/a> &#8211; Karina Kruczek, Bialsko Biala\/PL<\/p><p><strong><a href=\"https:\/\/la-via-della-natura.webnode.sk\">LA VIA DELLA NATURA<\/a><\/strong> &#8211; maj MGR. Silvia Piro\u0161kov\u00e1<\/p><p><strong><a href=\"http:\/\/www.maymor.at\/\" target=\"_blank\" rel=\"noopener noreferrer\">MAY MOR<\/a><\/strong> &#8211; Magdalena a Klaus Trostl, Zeiselmauer\/AT<\/p><p><strong>TEMPERANCE St. MARTIN<\/strong> &#8211; Lenka Kapr\u00e1likov\u00e1, Martin<\/p><p><a href=\"tel:00421911430564\"><strong>TOUCH OF EMPATHY<\/strong><\/a> &#8211; Jozef Lenard, Ko\u0161ice<\/p>\t\t\t\t\t\t\t\t<\/div>\n\t\t\t\t<\/div>\n\t\t\t\t\t<\/div>\n\t\t\t\t<\/div>\n\t\t\t\t<\/div>\n\t\t","protected":false},"excerpt":{"rendered":"<p>Kennels ALWARO &#8211; Karina Kruczek, Bialsko Biala\/PL LA VIA DELLA NATURA &#8211; maj MGR. Silvia Piro\u0161kov\u00e1 MAY MOR &#8211; Magdalena a Klaus Trostl, Zeiselmauer\/AT TEMPERANCE St. MARTIN &#8211; Lenka Kapr\u00e1likov\u00e1, Martin TOUCH OF EMPATHY &#8211; Jozef Lenard, Ko\u0161ice<\/p>\n","protected":false},"author":2,"featured_media":0,"parent":1136,"menu_order":0,"comment_status":"closed","ping_status":"closed","template":"","meta":{"_angie_page":false,"slim_seo":{"title":"Kennels - Bichon klub Slovensko","description":"Kennels ALWARO - Karina Kruczek, Bialsko Biala\/PL LA VIA DELLA NATURA - maj MGR. Silvia Piro\u0161kov\u00e1 MAY MOR - Magdalena a Klaus Trostl, Zeiselmauer\/AT TEMPERANCE"},"iawp_total_views":13,"footnotes":""},"class_list":["post-1463","page","type-page","status-publish","hentry"],"_links":{"self":[{"href":"https:\/\/www.bichonklub.sk\/en\/wp-json\/wp\/v2\/pages\/1463","targetHints":{"allow":["GET"]}}],"collection":[{"href":"https:\/\/www.bichonklub.sk\/en\/wp-json\/wp\/v2\/pages"}],"about":[{"href":"https:\/\/www.bichonklub.sk\/en\/wp-json\/wp\/v2\/types\/page"}],"author":[{"embeddable":true,"href":"https:\/\/www.bichonklub.sk\/en\/wp-json\/wp\/v2\/users\/2"}],"replies":[{"embeddable":true,"href":"https:\/\/www.bichonklub.sk\/en\/wp-json\/wp\/v2\/comments?post=1463"}],"version-history":[{"count":0,"href":"https:\/\/www.bichonklub.sk\/en\/wp-json\/wp\/v2\/pages\/1463\/revisions"}],"up":[{"embeddable":true,"href":"https:\/\/www.bichonklub.sk\/en\/wp-json\/wp\/v2\/pages\/1136"}],"wp:attachment":[{"href":"https:\/\/www.bichonklub.sk\/en\/wp-json\/wp\/v2\/media?parent=1463"}],"curies":[{"name":"wp","href":"https:\/\/api.w.org\/{rel}","templated":true}]}}