{"id":1399,"date":"2026-02-17T18:58:32","date_gmt":"2026-02-17T17:58:32","guid":{"rendered":"https:\/\/www.bichonklub.sk\/coton-de-tulear\/cch\/"},"modified":"2026-02-18T18:51:48","modified_gmt":"2026-02-18T17:51:48","slug":"cch","status":"publish","type":"page","link":"https:\/\/www.bichonklub.sk\/en\/coton-de-tulear\/cch\/","title":{"rendered":"CCH"},"content":{"rendered":"\t\t<div data-elementor-type=\"wp-page\" data-elementor-id=\"1399\" class=\"elementor elementor-1399 elementor-244\" data-elementor-post-type=\"page\">\n\t\t\t\t<div class=\"elementor-element elementor-element-7800b9d1 e-flex e-con-boxed e-con e-parent\" data-id=\"7800b9d1\" data-element_type=\"container\" data-e-type=\"container\">\n\t\t\t\t\t<div class=\"e-con-inner\">\n\t\t\t\t<div class=\"elementor-element elementor-element-7ef3167d elementor-widget elementor-widget-toggle\" data-id=\"7ef3167d\" data-element_type=\"widget\" data-e-type=\"widget\" data-widget_type=\"toggle.default\">\n\t\t\t\t<div class=\"elementor-widget-container\">\n\t\t\t\t\t\t\t<div class=\"elementor-toggle\">\n\t\t\t\t\t\t\t<div class=\"elementor-toggle-item\">\n\t\t\t\t\t<div id=\"elementor-tab-title-2121\" class=\"elementor-tab-title\" data-tab=\"1\" role=\"button\" aria-controls=\"elementor-tab-content-2121\" aria-expanded=\"false\">\n\t\t\t\t\t\t\t\t\t\t\t\t<span class=\"elementor-toggle-icon elementor-toggle-icon-left\" aria-hidden=\"true\">\n\t\t\t\t\t\t\t\t\t\t\t\t\t\t\t<span class=\"elementor-toggle-icon-closed\"><svg class=\"e-font-icon-svg e-fas-caret-right\" viewBox=\"0 0 192 512\" xmlns=\"http:\/\/www.w3.org\/2000\/svg\"><path d=\"M0 384.662V127.338c0-17.818 21.543-26.741 34.142-14.142l128.662 128.662c7.81 7.81 7.81 20.474 0 28.284L34.142 398.804C21.543 411.404 0 402.48 0 384.662z\"><\/path><\/svg><\/span>\n\t\t\t\t\t\t\t\t<span class=\"elementor-toggle-icon-opened\"><svg class=\"elementor-toggle-icon-opened e-font-icon-svg e-fas-caret-up\" viewBox=\"0 0 320 512\" xmlns=\"http:\/\/www.w3.org\/2000\/svg\"><path d=\"M288.662 352H31.338c-17.818 0-26.741-21.543-14.142-34.142l128.662-128.662c7.81-7.81 20.474-7.81 28.284 0l128.662 128.662c12.6 12.599 3.676 34.142-14.142 34.142z\"><\/path><\/svg><\/span>\n\t\t\t\t\t\t\t\t\t\t\t\t\t<\/span>\n\t\t\t\t\t\t\t\t\t\t\t\t<a class=\"elementor-toggle-title\" tabindex=\"0\">The rules for awarding the title Club Beauty Champion,<\/a>\n\t\t\t\t\t<\/div>\n\n\t\t\t\t\t<div id=\"elementor-tab-content-2121\" class=\"elementor-tab-content elementor-clearfix\" data-tab=\"1\" role=\"region\" aria-labelledby=\"elementor-tab-title-2121\"><p>hereinafter referred to as &#8220;Club Champion&#8221;, were changed and approved by the members&#8217; meeting in Svaty Jur on April 21, 2012.<\/p>\n<ul>\n<li>The dog must be at least 15 months old.<\/li>\n<li>The dog must obtain 4 x CC title at a Club, Special, or other exhibition organized by the BKS club, or in which it participates in the organization.<\/li>\n<li>&#8220;CC&#8221; titles can be earned in Intermediate, Open, Champion classes.<\/li>\n<li>Titles must be obtained in at least two show seasons.<\/li>\n<li>The owner of the dog fills in the online application for the title of Club Champion, which he sends together with the pedigree, reports from the given shows and \u201cJrCC\u201d cards to the address of the exhibition officer, whose address is also given in the application for the title<\/li>\n<li>The exhibition clerk receives and assesses the application. If it is in order, he will assign the given dog a serial number, under this number he will also issue a diploma to the dog. If something is missing in the application or it is unauthorized, he will send the papers back to the dog owner&#8217;s address, along with a statement. The exhibition official has the right to mark the acquisition of the Club Beauty Champion in the pedigree of the dog &#8211; in the results from exhibitions section.<\/li>\n<li>The diploma together with the winning cup will be presented to the owner of the dog at the next membership meeting.<\/li>\n<\/ul>\n<\/div>\n\t\t\t\t<\/div>\n\t\t\t\t\t\t\t\t<\/div>\n\t\t\t\t\t\t<\/div>\n\t\t\t\t<\/div>\n\t\t\t\t<div class=\"elementor-element elementor-element-22fdac3 elementor-widget elementor-widget-text-editor\" data-id=\"22fdac3\" data-element_type=\"widget\" data-e-type=\"widget\" data-widget_type=\"text-editor.default\">\n\t\t\t\t<div class=\"elementor-widget-container\">\n\t\t\t\t\t\t\t\t\t<p>44\/2020  <strong>BADY Krkono\u0161sk\u00fd kv\u011bt<\/strong><br>39\/2019 <strong>BOON JEWEL JOY from Pilsen<\/strong><br>33\/2018 <strong>AIMABLE CROISSANT DE Cuteberry<\/strong><br>32\/2018 <strong>COOL TO BE Cuteberry<\/strong><br>19\/2016 <strong>ENNIE Coton algels from Dolce<\/strong><br>10\/2014 <strong>GIULIETTA des Jardins de Gossypium<\/strong><br>1\/2012 <strong>ELDARRO From Coton Home<\/strong><br>2010 <strong>BASTIEN Winter Garden<\/strong><br>2010 <strong>DONY Janus- Suzi<\/strong><br>2010 <strong>EIMI Janus &#8211; Suzi<\/strong><\/p>\t\t\t\t\t\t\t\t<\/div>\n\t\t\t\t<\/div>\n\t\t\t\t<div class=\"elementor-element elementor-element-d1616e5 elementor-widget elementor-widget-gallery\" data-id=\"d1616e5\" data-element_type=\"widget\" data-e-type=\"widget\" data-settings=\"{&quot;overlay_description&quot;:&quot;caption&quot;,&quot;lazyload&quot;:&quot;yes&quot;,&quot;gallery_layout&quot;:&quot;grid&quot;,&quot;columns&quot;:4,&quot;columns_tablet&quot;:2,&quot;columns_mobile&quot;:1,&quot;gap&quot;:{&quot;unit&quot;:&quot;px&quot;,&quot;size&quot;:10,&quot;sizes&quot;:[]},&quot;gap_tablet&quot;:{&quot;unit&quot;:&quot;px&quot;,&quot;size&quot;:10,&quot;sizes&quot;:[]},&quot;gap_mobile&quot;:{&quot;unit&quot;:&quot;px&quot;,&quot;size&quot;:10,&quot;sizes&quot;:[]},&quot;link_to&quot;:&quot;file&quot;,&quot;aspect_ratio&quot;:&quot;3:2&quot;,&quot;overlay_background&quot;:&quot;yes&quot;,&quot;content_hover_animation&quot;:&quot;fade-in&quot;}\" data-widget_type=\"gallery.default\">\n\t\t\t\t<div class=\"elementor-widget-container\">\n\t\t\t\t\t\t\t<div class=\"elementor-gallery__container\">\n\t\t\t\t\t\t\t<a class=\"e-gallery-item elementor-gallery-item elementor-animated-content\" href=\"https:\/\/www.bichonklub.sk\/wp-content\/uploads\/2022\/07\/BOON-JEWEL-JOY-from-Pilsen.jpeg\" data-elementor-open-lightbox=\"yes\" data-elementor-lightbox-slideshow=\"d1616e5\" data-e-action-hash=\"#elementor-action%3Aaction%3Dlightbox%26settings%3DeyJpZCI6OTg3LCJ1cmwiOiJodHRwczpcL1wvd3d3LmJpY2hvbmtsdWIuc2tcL3dwLWNvbnRlbnRcL3VwbG9hZHNcLzIwMjJcLzA3XC9CT09OLUpFV0VMLUpPWS1mcm9tLVBpbHNlbi5qcGVnIiwic2xpZGVzaG93IjoiZDE2MTZlNSJ9\">\n\t\t\t\t\t<div class=\"e-gallery-image elementor-gallery-item__image\" data-thumbnail=\"https:\/\/www.bichonklub.sk\/wp-content\/uploads\/2022\/07\/BOON-JEWEL-JOY-from-Pilsen.jpeg\" data-width=\"616\" data-height=\"462\" aria-label=\"\" role=\"img\" ><\/div>\n\t\t\t\t\t\t\t\t\t\t\t<div class=\"elementor-gallery-item__overlay\"><\/div>\n\t\t\t\t\t\t\t\t\t\t\t\t\t\t\t<div class=\"elementor-gallery-item__content\">\n\t\t\t\t\t\t\t\t\t\t\t<\/div>\n\t\t\t\t\t\t\t\t\t<\/a>\n\t\t\t\t\t\t\t<a class=\"e-gallery-item elementor-gallery-item elementor-animated-content\" href=\"https:\/\/www.bichonklub.sk\/wp-content\/uploads\/2022\/07\/AIMABLE-CROISSANT-DE-Cuteberry.jpeg\" data-elementor-open-lightbox=\"yes\" data-elementor-lightbox-slideshow=\"d1616e5\" data-e-action-hash=\"#elementor-action%3Aaction%3Dlightbox%26settings%3DeyJpZCI6OTg4LCJ1cmwiOiJodHRwczpcL1wvd3d3LmJpY2hvbmtsdWIuc2tcL3dwLWNvbnRlbnRcL3VwbG9hZHNcLzIwMjJcLzA3XC9BSU1BQkxFLUNST0lTU0FOVC1ERS1DdXRlYmVycnkuanBlZyIsInNsaWRlc2hvdyI6ImQxNjE2ZTUifQ%3D%3D\">\n\t\t\t\t\t<div class=\"e-gallery-image elementor-gallery-item__image\" data-thumbnail=\"https:\/\/www.bichonklub.sk\/wp-content\/uploads\/2022\/07\/AIMABLE-CROISSANT-DE-Cuteberry.jpeg\" data-width=\"600\" data-height=\"450\" aria-label=\"\" role=\"img\" ><\/div>\n\t\t\t\t\t\t\t\t\t\t\t<div class=\"elementor-gallery-item__overlay\"><\/div>\n\t\t\t\t\t\t\t\t\t\t\t\t\t\t\t<div class=\"elementor-gallery-item__content\">\n\t\t\t\t\t\t\t\t\t\t\t<\/div>\n\t\t\t\t\t\t\t\t\t<\/a>\n\t\t\t\t\t\t\t<a class=\"e-gallery-item elementor-gallery-item elementor-animated-content\" href=\"https:\/\/www.bichonklub.sk\/wp-content\/uploads\/2022\/07\/ENNIE-Coton-algels-from-Dolce.png\" data-elementor-open-lightbox=\"yes\" data-elementor-lightbox-slideshow=\"d1616e5\" data-e-action-hash=\"#elementor-action%3Aaction%3Dlightbox%26settings%3DeyJpZCI6OTg5LCJ1cmwiOiJodHRwczpcL1wvd3d3LmJpY2hvbmtsdWIuc2tcL3dwLWNvbnRlbnRcL3VwbG9hZHNcLzIwMjJcLzA3XC9FTk5JRS1Db3Rvbi1hbGdlbHMtZnJvbS1Eb2xjZS5wbmciLCJzbGlkZXNob3ciOiJkMTYxNmU1In0%3D\">\n\t\t\t\t\t<div class=\"e-gallery-image elementor-gallery-item__image\" data-thumbnail=\"https:\/\/www.bichonklub.sk\/wp-content\/uploads\/2022\/07\/ENNIE-Coton-algels-from-Dolce.png\" data-width=\"786\" data-height=\"644\" aria-label=\"\" role=\"img\" ><\/div>\n\t\t\t\t\t\t\t\t\t\t\t<div class=\"elementor-gallery-item__overlay\"><\/div>\n\t\t\t\t\t\t\t\t\t\t\t\t\t\t\t<div class=\"elementor-gallery-item__content\">\n\t\t\t\t\t\t\t\t\t\t\t<\/div>\n\t\t\t\t\t\t\t\t\t<\/a>\n\t\t\t\t\t\t\t<a class=\"e-gallery-item elementor-gallery-item elementor-animated-content\" href=\"https:\/\/www.bichonklub.sk\/wp-content\/uploads\/2022\/07\/GIULIETTA-des-Jardins-de-Gossypium.jpeg\" data-elementor-open-lightbox=\"yes\" data-elementor-lightbox-slideshow=\"d1616e5\" data-e-action-hash=\"#elementor-action%3Aaction%3Dlightbox%26settings%3DeyJpZCI6OTg2LCJ1cmwiOiJodHRwczpcL1wvd3d3LmJpY2hvbmtsdWIuc2tcL3dwLWNvbnRlbnRcL3VwbG9hZHNcLzIwMjJcLzA3XC9HSVVMSUVUVEEtZGVzLUphcmRpbnMtZGUtR29zc3lwaXVtLmpwZWciLCJzbGlkZXNob3ciOiJkMTYxNmU1In0%3D\">\n\t\t\t\t\t<div class=\"e-gallery-image elementor-gallery-item__image\" data-thumbnail=\"https:\/\/www.bichonklub.sk\/wp-content\/uploads\/2022\/07\/GIULIETTA-des-Jardins-de-Gossypium.jpeg\" data-width=\"650\" data-height=\"438\" aria-label=\"\" role=\"img\" ><\/div>\n\t\t\t\t\t\t\t\t\t\t\t<div class=\"elementor-gallery-item__overlay\"><\/div>\n\t\t\t\t\t\t\t\t\t\t\t\t\t\t\t<div class=\"elementor-gallery-item__content\">\n\t\t\t\t\t\t\t\t\t\t\t<\/div>\n\t\t\t\t\t\t\t\t\t<\/a>\n\t\t\t\t\t\t\t<a class=\"e-gallery-item elementor-gallery-item elementor-animated-content\" href=\"https:\/\/www.bichonklub.sk\/wp-content\/uploads\/2022\/07\/ELDARRO-From-Coton-Home.jpeg\" data-elementor-open-lightbox=\"yes\" data-elementor-lightbox-slideshow=\"d1616e5\" data-e-action-hash=\"#elementor-action%3Aaction%3Dlightbox%26settings%3DeyJpZCI6OTkwLCJ1cmwiOiJodHRwczpcL1wvd3d3LmJpY2hvbmtsdWIuc2tcL3dwLWNvbnRlbnRcL3VwbG9hZHNcLzIwMjJcLzA3XC9FTERBUlJPLUZyb20tQ290b24tSG9tZS5qcGVnIiwic2xpZGVzaG93IjoiZDE2MTZlNSJ9\">\n\t\t\t\t\t<div class=\"e-gallery-image elementor-gallery-item__image\" data-thumbnail=\"https:\/\/www.bichonklub.sk\/wp-content\/uploads\/2022\/07\/ELDARRO-From-Coton-Home.jpeg\" data-width=\"250\" data-height=\"176\" aria-label=\"\" role=\"img\" ><\/div>\n\t\t\t\t\t\t\t\t\t\t\t<div class=\"elementor-gallery-item__overlay\"><\/div>\n\t\t\t\t\t\t\t\t\t\t\t\t\t\t\t<div class=\"elementor-gallery-item__content\">\n\t\t\t\t\t\t\t\t\t\t\t<\/div>\n\t\t\t\t\t\t\t\t\t<\/a>\n\t\t\t\t\t\t\t<a class=\"e-gallery-item elementor-gallery-item elementor-animated-content\" href=\"https:\/\/www.bichonklub.sk\/wp-content\/uploads\/2022\/07\/BASTIEN-Winter-Garden.jpeg\" data-elementor-open-lightbox=\"yes\" data-elementor-lightbox-slideshow=\"d1616e5\" data-e-action-hash=\"#elementor-action%3Aaction%3Dlightbox%26settings%3DeyJpZCI6OTg1LCJ1cmwiOiJodHRwczpcL1wvd3d3LmJpY2hvbmtsdWIuc2tcL3dwLWNvbnRlbnRcL3VwbG9hZHNcLzIwMjJcLzA3XC9CQVNUSUVOLVdpbnRlci1HYXJkZW4uanBlZyIsInNsaWRlc2hvdyI6ImQxNjE2ZTUifQ%3D%3D\">\n\t\t\t\t\t<div class=\"e-gallery-image elementor-gallery-item__image\" data-thumbnail=\"https:\/\/www.bichonklub.sk\/wp-content\/uploads\/2022\/07\/BASTIEN-Winter-Garden.jpeg\" data-width=\"250\" data-height=\"180\" aria-label=\"\" role=\"img\" ><\/div>\n\t\t\t\t\t\t\t\t\t\t\t<div class=\"elementor-gallery-item__overlay\"><\/div>\n\t\t\t\t\t\t\t\t\t\t\t\t\t\t\t<div class=\"elementor-gallery-item__content\">\n\t\t\t\t\t\t\t\t\t\t\t<\/div>\n\t\t\t\t\t\t\t\t\t<\/a>\n\t\t\t\t\t\t\t<a class=\"e-gallery-item elementor-gallery-item elementor-animated-content\" href=\"https:\/\/www.bichonklub.sk\/wp-content\/uploads\/2022\/07\/DONY-Janus-Suzi.jpeg\" data-elementor-open-lightbox=\"yes\" data-elementor-lightbox-slideshow=\"d1616e5\" data-e-action-hash=\"#elementor-action%3Aaction%3Dlightbox%26settings%3DeyJpZCI6OTkxLCJ1cmwiOiJodHRwczpcL1wvd3d3LmJpY2hvbmtsdWIuc2tcL3dwLWNvbnRlbnRcL3VwbG9hZHNcLzIwMjJcLzA3XC9ET05ZLUphbnVzLVN1emkuanBlZyIsInNsaWRlc2hvdyI6ImQxNjE2ZTUifQ%3D%3D\">\n\t\t\t\t\t<div class=\"e-gallery-image elementor-gallery-item__image\" data-thumbnail=\"https:\/\/www.bichonklub.sk\/wp-content\/uploads\/2022\/07\/DONY-Janus-Suzi.jpeg\" data-width=\"250\" data-height=\"188\" aria-label=\"\" role=\"img\" ><\/div>\n\t\t\t\t\t\t\t\t\t\t\t<div class=\"elementor-gallery-item__overlay\"><\/div>\n\t\t\t\t\t\t\t\t\t\t\t\t\t\t\t<div class=\"elementor-gallery-item__content\">\n\t\t\t\t\t\t\t\t\t\t\t<\/div>\n\t\t\t\t\t\t\t\t\t<\/a>\n\t\t\t\t\t\t\t<a class=\"e-gallery-item elementor-gallery-item elementor-animated-content\" href=\"https:\/\/www.bichonklub.sk\/wp-content\/uploads\/2022\/07\/EIMI-Janus-Suzi.jpeg\" data-elementor-open-lightbox=\"yes\" data-elementor-lightbox-slideshow=\"d1616e5\" data-e-action-hash=\"#elementor-action%3Aaction%3Dlightbox%26settings%3DeyJpZCI6OTkyLCJ1cmwiOiJodHRwczpcL1wvd3d3LmJpY2hvbmtsdWIuc2tcL3dwLWNvbnRlbnRcL3VwbG9hZHNcLzIwMjJcLzA3XC9FSU1JLUphbnVzLVN1emkuanBlZyIsInNsaWRlc2hvdyI6ImQxNjE2ZTUifQ%3D%3D\">\n\t\t\t\t\t<div class=\"e-gallery-image elementor-gallery-item__image\" data-thumbnail=\"https:\/\/www.bichonklub.sk\/wp-content\/uploads\/2022\/07\/EIMI-Janus-Suzi.jpeg\" data-width=\"250\" data-height=\"186\" aria-label=\"\" role=\"img\" ><\/div>\n\t\t\t\t\t\t\t\t\t\t\t<div class=\"elementor-gallery-item__overlay\"><\/div>\n\t\t\t\t\t\t\t\t\t\t\t\t\t\t\t<div class=\"elementor-gallery-item__content\">\n\t\t\t\t\t\t\t\t\t\t\t<\/div>\n\t\t\t\t\t\t\t\t\t<\/a>\n\t\t\t\t\t<\/div>\n\t\t\t\t\t<\/div>\n\t\t\t\t<\/div>\n\t\t\t\t\t<\/div>\n\t\t\t\t<\/div>\n\t\t\t\t<\/div>\n\t\t","protected":false},"excerpt":{"rendered":"<p>The rules for awarding the title Club Beauty Champion, hereinafter referred to as &#8220;Club Champion&#8221;, were changed and approved by the members&#8217; meeting in Svaty Jur on April 21, 2012. The dog must be at least 15 months old. The dog must obtain 4 x CC title at a Club, Special, or other exhibition organized [&hellip;]<\/p>\n","protected":false},"author":2,"featured_media":0,"parent":1387,"menu_order":0,"comment_status":"closed","ping_status":"closed","template":"","meta":{"_angie_page":false,"slim_seo":{"title":"CCH - Bichon klub Slovensko","description":"The rules for awarding the title Club Beauty Champion, hereinafter referred to as &#8220;Club Champion&#8221;, were changed and approved by the members&#8217; m"},"iawp_total_views":3,"footnotes":""},"class_list":["post-1399","page","type-page","status-publish","hentry"],"_links":{"self":[{"href":"https:\/\/www.bichonklub.sk\/en\/wp-json\/wp\/v2\/pages\/1399","targetHints":{"allow":["GET"]}}],"collection":[{"href":"https:\/\/www.bichonklub.sk\/en\/wp-json\/wp\/v2\/pages"}],"about":[{"href":"https:\/\/www.bichonklub.sk\/en\/wp-json\/wp\/v2\/types\/page"}],"author":[{"embeddable":true,"href":"https:\/\/www.bichonklub.sk\/en\/wp-json\/wp\/v2\/users\/2"}],"replies":[{"embeddable":true,"href":"https:\/\/www.bichonklub.sk\/en\/wp-json\/wp\/v2\/comments?post=1399"}],"version-history":[{"count":4,"href":"https:\/\/www.bichonklub.sk\/en\/wp-json\/wp\/v2\/pages\/1399\/revisions"}],"predecessor-version":[{"id":7390,"href":"https:\/\/www.bichonklub.sk\/en\/wp-json\/wp\/v2\/pages\/1399\/revisions\/7390"}],"up":[{"embeddable":true,"href":"https:\/\/www.bichonklub.sk\/en\/wp-json\/wp\/v2\/pages\/1387"}],"wp:attachment":[{"href":"https:\/\/www.bichonklub.sk\/en\/wp-json\/wp\/v2\/media?parent=1399"}],"curies":[{"name":"wp","href":"https:\/\/api.w.org\/{rel}","templated":true}]}}