{"id":1204,"date":"2026-02-17T19:07:01","date_gmt":"2026-02-17T18:07:01","guid":{"rendered":"https:\/\/www.bichonklub.sk\/petit-chien-lion\/cvch\/"},"modified":"2026-02-18T18:58:12","modified_gmt":"2026-02-18T17:58:12","slug":"cvch","status":"publish","type":"page","link":"https:\/\/www.bichonklub.sk\/en\/petit-chien-lion\/cvch\/","title":{"rendered":"CVCH"},"content":{"rendered":"\t\t<div data-elementor-type=\"wp-page\" data-elementor-id=\"1204\" class=\"elementor elementor-1204 elementor-291\" data-elementor-post-type=\"page\">\n\t\t\t\t<div class=\"elementor-element elementor-element-629b66f0 e-flex e-con-boxed e-con e-parent\" data-id=\"629b66f0\" data-element_type=\"container\" data-e-type=\"container\">\n\t\t\t\t\t<div class=\"e-con-inner\">\n\t\t\t\t<div class=\"elementor-element elementor-element-63aa41ee elementor-widget elementor-widget-toggle\" data-id=\"63aa41ee\" data-element_type=\"widget\" data-e-type=\"widget\" data-widget_type=\"toggle.default\">\n\t\t\t\t<div class=\"elementor-widget-container\">\n\t\t\t\t\t\t\t<div class=\"elementor-toggle\">\n\t\t\t\t\t\t\t<div class=\"elementor-toggle-item\">\n\t\t\t\t\t<div id=\"elementor-tab-title-1671\" class=\"elementor-tab-title\" data-tab=\"1\" role=\"button\" aria-controls=\"elementor-tab-content-1671\" aria-expanded=\"false\">\n\t\t\t\t\t\t\t\t\t\t\t\t<span class=\"elementor-toggle-icon elementor-toggle-icon-left\" aria-hidden=\"true\">\n\t\t\t\t\t\t\t\t\t\t\t\t\t\t\t<span class=\"elementor-toggle-icon-closed\"><svg class=\"e-font-icon-svg e-fas-caret-right\" viewBox=\"0 0 192 512\" xmlns=\"http:\/\/www.w3.org\/2000\/svg\"><path d=\"M0 384.662V127.338c0-17.818 21.543-26.741 34.142-14.142l128.662 128.662c7.81 7.81 7.81 20.474 0 28.284L34.142 398.804C21.543 411.404 0 402.48 0 384.662z\"><\/path><\/svg><\/span>\n\t\t\t\t\t\t\t\t<span class=\"elementor-toggle-icon-opened\"><svg class=\"elementor-toggle-icon-opened e-font-icon-svg e-fas-caret-up\" viewBox=\"0 0 320 512\" xmlns=\"http:\/\/www.w3.org\/2000\/svg\"><path d=\"M288.662 352H31.338c-17.818 0-26.741-21.543-14.142-34.142l128.662-128.662c7.81-7.81 20.474-7.81 28.284 0l128.662 128.662c12.6 12.599 3.676 34.142-14.142 34.142z\"><\/path><\/svg><\/span>\n\t\t\t\t\t\t\t\t\t\t\t\t\t<\/span>\n\t\t\t\t\t\t\t\t\t\t\t\t<a class=\"elementor-toggle-title\" tabindex=\"0\">Conditions for awarding the Club Veteran Champion of Beauty<\/a>\n\t\t\t\t\t<\/div>\n\n\t\t\t\t\t<div id=\"elementor-tab-content-1671\" class=\"elementor-tab-content elementor-clearfix\" data-tab=\"1\" role=\"region\" aria-labelledby=\"elementor-tab-title-1671\"><p>hereinafter referred to as &#8220;Veteran Club Champion&#8221; were introduced and approved by the Members&#8217; Meeting in St. Jura on 21.3.2015.<\/p>\n<ul>\n<li>The dog must receive at least 3 x &#8220;excellent 1&#8221; grades from Club, Special or other shows in which BKS participates in the organization.<\/li>\n<li>&#8220;Excellent 1&#8221; grades must be obtained exclusively in the veteran class.<\/li>\n<li>The owner of the dog fills in the online application for the title of Club Veteran Champion, which he sends together with the pedigree, reports from the given shows and \u201cCvCC\u201d cards to the address of the exhibition officer, whose address is also given in the application for the title.<\/li>\n<li>The exhibition officer will accept and assess the application. If it is in order, he assigns the given dog a serial number and issues a diploma under this number. If something is missing in the application or it is unauthorized, he will send a written statement to the dog owner at the given contact address. The exhibition clerk has the right to mark the acquisition of the Club Veteran beauty champion in the dog&#8217;s pedigree &#8211; in the results from exhibitions section.<\/li>\n<li>The diploma together with the winning cup will be presented to the owner of the dog at the next membership meeting.<\/li>\n<\/ul>\n<\/div>\n\t\t\t\t<\/div>\n\t\t\t\t\t\t\t\t<\/div>\n\t\t\t\t\t\t<\/div>\n\t\t\t\t<\/div>\n\t\t\t\t<div class=\"elementor-element elementor-element-a3638e0 elementor-widget elementor-widget-text-editor\" data-id=\"a3638e0\" data-element_type=\"widget\" data-e-type=\"widget\" data-widget_type=\"text-editor.default\">\n\t\t\t\t<div class=\"elementor-widget-container\">\n\t\t\t\t\t\t\t\t\t<p>02\/2018 <strong>GERDA Alwaro<\/strong><br>02\/2018 <strong>AMIE DE LOUVRE V\u00edt\u011bzn\u00e1<\/strong><\/p>\t\t\t\t\t\t\t\t<\/div>\n\t\t\t\t<\/div>\n\t\t\t\t<div class=\"elementor-element elementor-element-d61f308 elementor-widget elementor-widget-gallery\" data-id=\"d61f308\" data-element_type=\"widget\" data-e-type=\"widget\" data-settings=\"{&quot;columns&quot;:2,&quot;overlay_description&quot;:&quot;caption&quot;,&quot;lazyload&quot;:&quot;yes&quot;,&quot;gallery_layout&quot;:&quot;grid&quot;,&quot;columns_tablet&quot;:2,&quot;columns_mobile&quot;:1,&quot;gap&quot;:{&quot;unit&quot;:&quot;px&quot;,&quot;size&quot;:10,&quot;sizes&quot;:[]},&quot;gap_tablet&quot;:{&quot;unit&quot;:&quot;px&quot;,&quot;size&quot;:10,&quot;sizes&quot;:[]},&quot;gap_mobile&quot;:{&quot;unit&quot;:&quot;px&quot;,&quot;size&quot;:10,&quot;sizes&quot;:[]},&quot;link_to&quot;:&quot;file&quot;,&quot;aspect_ratio&quot;:&quot;3:2&quot;,&quot;overlay_background&quot;:&quot;yes&quot;,&quot;content_hover_animation&quot;:&quot;fade-in&quot;}\" data-widget_type=\"gallery.default\">\n\t\t\t\t<div class=\"elementor-widget-container\">\n\t\t\t\t\t\t\t<div class=\"elementor-gallery__container\">\n\t\t\t\t\t\t\t<a class=\"e-gallery-item elementor-gallery-item elementor-animated-content\" href=\"https:\/\/www.bichonklub.sk\/wp-content\/uploads\/2022\/07\/GERDA-Alwaro.jpeg\" data-elementor-open-lightbox=\"yes\" data-elementor-lightbox-slideshow=\"d61f308\" data-e-action-hash=\"#elementor-action%3Aaction%3Dlightbox%26settings%3DeyJpZCI6MTAwNCwidXJsIjoiaHR0cHM6XC9cL3d3dy5iaWNob25rbHViLnNrXC93cC1jb250ZW50XC91cGxvYWRzXC8yMDIyXC8wN1wvR0VSREEtQWx3YXJvLmpwZWciLCJzbGlkZXNob3ciOiJkNjFmMzA4In0%3D\">\n\t\t\t\t\t<div class=\"e-gallery-image elementor-gallery-item__image\" data-thumbnail=\"https:\/\/www.bichonklub.sk\/wp-content\/uploads\/2022\/07\/GERDA-Alwaro.jpeg\" data-width=\"665\" data-height=\"520\" aria-label=\"\" role=\"img\" ><\/div>\n\t\t\t\t\t\t\t\t\t\t\t<div class=\"elementor-gallery-item__overlay\"><\/div>\n\t\t\t\t\t\t\t\t\t\t\t\t\t\t\t<div class=\"elementor-gallery-item__content\">\n\t\t\t\t\t\t\t\t\t\t\t<\/div>\n\t\t\t\t\t\t\t\t\t<\/a>\n\t\t\t\t\t\t\t<a class=\"e-gallery-item elementor-gallery-item elementor-animated-content\" href=\"https:\/\/www.bichonklub.sk\/wp-content\/uploads\/2022\/07\/AMIE-DE-LOUVRE-Vitezna-GRCH.jpeg\" data-elementor-open-lightbox=\"yes\" data-elementor-lightbox-slideshow=\"d61f308\" data-e-action-hash=\"#elementor-action%3Aaction%3Dlightbox%26settings%3DeyJpZCI6MTAwNSwidXJsIjoiaHR0cHM6XC9cL3d3dy5iaWNob25rbHViLnNrXC93cC1jb250ZW50XC91cGxvYWRzXC8yMDIyXC8wN1wvQU1JRS1ERS1MT1VWUkUtVml0ZXpuYS1HUkNILmpwZWciLCJzbGlkZXNob3ciOiJkNjFmMzA4In0%3D\">\n\t\t\t\t\t<div class=\"e-gallery-image elementor-gallery-item__image\" data-thumbnail=\"https:\/\/www.bichonklub.sk\/wp-content\/uploads\/2022\/07\/AMIE-DE-LOUVRE-Vitezna-GRCH.jpeg\" data-width=\"678\" data-height=\"553\" aria-label=\"\" role=\"img\" ><\/div>\n\t\t\t\t\t\t\t\t\t\t\t<div class=\"elementor-gallery-item__overlay\"><\/div>\n\t\t\t\t\t\t\t\t\t\t\t\t\t\t\t<div class=\"elementor-gallery-item__content\">\n\t\t\t\t\t\t\t\t\t\t\t<\/div>\n\t\t\t\t\t\t\t\t\t<\/a>\n\t\t\t\t\t<\/div>\n\t\t\t\t\t<\/div>\n\t\t\t\t<\/div>\n\t\t\t\t\t<\/div>\n\t\t\t\t<\/div>\n\t\t\t\t<\/div>\n\t\t","protected":false},"excerpt":{"rendered":"<p>Conditions for awarding the Club Veteran Champion of Beauty hereinafter referred to as &#8220;Veteran Club Champion&#8221; were introduced and approved by the Members&#8217; Meeting in St. Jura on 21.3.2015. The dog must receive at least 3 x &#8220;excellent 1&#8221; grades from Club, Special or other shows in which BKS participates in the organization. &#8220;Excellent 1&#8221; [&hellip;]<\/p>\n","protected":false},"author":2,"featured_media":0,"parent":1136,"menu_order":0,"comment_status":"closed","ping_status":"closed","template":"","meta":{"_angie_page":false,"slim_seo":{"title":"CVCH - Bichon klub Slovensko","description":"Conditions for awarding the Club Veteran Champion of Beauty hereinafter referred to as &#8220;Veteran Club Champion&#8221; were introduced and approved by the M"},"iawp_total_views":0,"footnotes":""},"class_list":["post-1204","page","type-page","status-publish","hentry"],"_links":{"self":[{"href":"https:\/\/www.bichonklub.sk\/en\/wp-json\/wp\/v2\/pages\/1204","targetHints":{"allow":["GET"]}}],"collection":[{"href":"https:\/\/www.bichonklub.sk\/en\/wp-json\/wp\/v2\/pages"}],"about":[{"href":"https:\/\/www.bichonklub.sk\/en\/wp-json\/wp\/v2\/types\/page"}],"author":[{"embeddable":true,"href":"https:\/\/www.bichonklub.sk\/en\/wp-json\/wp\/v2\/users\/2"}],"replies":[{"embeddable":true,"href":"https:\/\/www.bichonklub.sk\/en\/wp-json\/wp\/v2\/comments?post=1204"}],"version-history":[{"count":4,"href":"https:\/\/www.bichonklub.sk\/en\/wp-json\/wp\/v2\/pages\/1204\/revisions"}],"predecessor-version":[{"id":7415,"href":"https:\/\/www.bichonklub.sk\/en\/wp-json\/wp\/v2\/pages\/1204\/revisions\/7415"}],"up":[{"embeddable":true,"href":"https:\/\/www.bichonklub.sk\/en\/wp-json\/wp\/v2\/pages\/1136"}],"wp:attachment":[{"href":"https:\/\/www.bichonklub.sk\/en\/wp-json\/wp\/v2\/media?parent=1204"}],"curies":[{"name":"wp","href":"https:\/\/api.w.org\/{rel}","templated":true}]}}