{"id":1107,"date":"2024-02-03T07:31:47","date_gmt":"2024-02-03T06:31:47","guid":{"rendered":"https:\/\/www.bichonklub.sk\/faq\/"},"modified":"2022-07-08T20:22:39","modified_gmt":"2022-07-08T18:22:39","slug":"faq","status":"publish","type":"page","link":"https:\/\/www.bichonklub.sk\/en\/faq\/","title":{"rendered":"FAQ"},"content":{"rendered":"\t\t<div data-elementor-type=\"wp-page\" data-elementor-id=\"1107\" class=\"elementor elementor-1107 elementor-386\" data-elementor-post-type=\"page\">\n\t\t\t\t<div class=\"elementor-element elementor-element-7c1318a7 e-flex e-con-boxed e-con e-parent\" data-id=\"7c1318a7\" data-element_type=\"container\" data-e-type=\"container\">\n\t\t\t\t\t<div class=\"e-con-inner\">\n\t\t\t\t<div class=\"elementor-element elementor-element-6032ebae elementor-widget elementor-widget-accordion\" data-id=\"6032ebae\" data-element_type=\"widget\" data-e-type=\"widget\" data-widget_type=\"accordion.default\">\n\t\t\t\t<div class=\"elementor-widget-container\">\n\t\t\t\t\t\t\t<div class=\"elementor-accordion\">\n\t\t\t\t\t\t\t<div class=\"elementor-accordion-item\">\n\t\t\t\t\t<div id=\"elementor-tab-title-1611\" class=\"elementor-tab-title\" data-tab=\"1\" role=\"button\" aria-controls=\"elementor-tab-content-1611\" aria-expanded=\"false\">\n\t\t\t\t\t\t\t\t\t\t\t\t\t<span class=\"elementor-accordion-icon elementor-accordion-icon-left\" aria-hidden=\"true\">\n\t\t\t\t\t\t\t\t\t\t\t\t\t\t\t<span class=\"elementor-accordion-icon-closed\"><svg class=\"e-font-icon-svg e-fas-plus\" viewBox=\"0 0 448 512\" xmlns=\"http:\/\/www.w3.org\/2000\/svg\"><path d=\"M416 208H272V64c0-17.67-14.33-32-32-32h-32c-17.67 0-32 14.33-32 32v144H32c-17.67 0-32 14.33-32 32v32c0 17.67 14.33 32 32 32h144v144c0 17.67 14.33 32 32 32h32c17.67 0 32-14.33 32-32V304h144c17.67 0 32-14.33 32-32v-32c0-17.67-14.33-32-32-32z\"><\/path><\/svg><\/span>\n\t\t\t\t\t\t\t\t<span class=\"elementor-accordion-icon-opened\"><svg class=\"e-font-icon-svg e-fas-minus\" viewBox=\"0 0 448 512\" xmlns=\"http:\/\/www.w3.org\/2000\/svg\"><path d=\"M416 208H32c-17.67 0-32 14.33-32 32v32c0 17.67 14.33 32 32 32h384c17.67 0 32-14.33 32-32v-32c0-17.67-14.33-32-32-32z\"><\/path><\/svg><\/span>\n\t\t\t\t\t\t\t\t\t\t\t\t\t\t<\/span>\n\t\t\t\t\t\t\t\t\t\t\t\t<a class=\"elementor-accordion-title\" tabindex=\"0\">Kto si m\u00f4\u017ee zalo\u017ei\u0165 chovate\u013esk\u00fa stanicu?<\/a>\n\t\t\t\t\t<\/div>\n\t\t\t\t\t<div id=\"elementor-tab-content-1611\" class=\"elementor-tab-content elementor-clearfix\" data-tab=\"1\" role=\"region\" aria-labelledby=\"elementor-tab-title-1611\"><p>chovate\u013esk\u00fa stanicu si m\u00f4\u017ee zalo\u017ei\u0165 prakticky ka\u017ed\u00fd ob\u010dan nad 18 rokov, ktor\u00fd sa pl\u00e1nuje svedomito podie\u013ea\u0165 na \u0161\u00edren\u00ed a zu\u0161\u013eacht\u0148ovan\u00ed svojho milovan\u00e9ho plemena. Ide o ve\u013emi zodpovedn\u00fd krok a bud\u00faci chovate\u013e by si toho mal by\u0165 vedom\u00fd. Ka\u017ed\u00fd chovate\u013e sa mus\u00ed riadi\u0165 <a href=\"http:\/\/www.unkk.sk\/eticky_kodex.pdf\" target=\"_blank\" rel=\"noopener noreferrer\">etick\u00fdm k\u00f3dexom chovate\u013ea<\/a> a vo svojej chovate\u013eskej \u010dinnosti striktne dodr\u017eiava\u0165 <a href=\"http:\/\/www.skj.sk\/documents\/chovatelsky_a_zapisny_poriadok_2017.pdf\" target=\"_blank\" rel=\"noopener noreferrer\">chovate\u013esk\u00fd poriadok SKJ a FCI<\/a>. <\/p><\/div>\n\t\t\t\t<\/div>\n\t\t\t\t\t\t\t<div class=\"elementor-accordion-item\">\n\t\t\t\t\t<div id=\"elementor-tab-title-1612\" class=\"elementor-tab-title\" data-tab=\"2\" role=\"button\" aria-controls=\"elementor-tab-content-1612\" aria-expanded=\"false\">\n\t\t\t\t\t\t\t\t\t\t\t\t\t<span class=\"elementor-accordion-icon elementor-accordion-icon-left\" aria-hidden=\"true\">\n\t\t\t\t\t\t\t\t\t\t\t\t\t\t\t<span class=\"elementor-accordion-icon-closed\"><svg class=\"e-font-icon-svg e-fas-plus\" viewBox=\"0 0 448 512\" xmlns=\"http:\/\/www.w3.org\/2000\/svg\"><path d=\"M416 208H272V64c0-17.67-14.33-32-32-32h-32c-17.67 0-32 14.33-32 32v144H32c-17.67 0-32 14.33-32 32v32c0 17.67 14.33 32 32 32h144v144c0 17.67 14.33 32 32 32h32c17.67 0 32-14.33 32-32V304h144c17.67 0 32-14.33 32-32v-32c0-17.67-14.33-32-32-32z\"><\/path><\/svg><\/span>\n\t\t\t\t\t\t\t\t<span class=\"elementor-accordion-icon-opened\"><svg class=\"e-font-icon-svg e-fas-minus\" viewBox=\"0 0 448 512\" xmlns=\"http:\/\/www.w3.org\/2000\/svg\"><path d=\"M416 208H32c-17.67 0-32 14.33-32 32v32c0 17.67 14.33 32 32 32h384c17.67 0 32-14.33 32-32v-32c0-17.67-14.33-32-32-32z\"><\/path><\/svg><\/span>\n\t\t\t\t\t\t\t\t\t\t\t\t\t\t<\/span>\n\t\t\t\t\t\t\t\t\t\t\t\t<a class=\"elementor-accordion-title\" tabindex=\"0\">Ako si zalo\u017e\u00edm chovate\u013esk\u00fa stanicu?<\/a>\n\t\t\t\t\t<\/div>\n\t\t\t\t\t<div id=\"elementor-tab-content-1612\" class=\"elementor-tab-content elementor-clearfix\" data-tab=\"2\" role=\"region\" aria-labelledby=\"elementor-tab-title-1612\"><p>re schv\u00e1lenie (zalo\u017eenie) CHS je potrebn\u00e9 vyplni\u0165 po\u017eadovan\u00e9 tla\u010divo, ktor\u00e9 n\u00e1jdete na str\u00e1nkach \u00fanie kynologick\u00fdch klubov v \u010dasti plemenn\u00e1 kniha &#8211; <a href=\"http:\/\/www.unkk.sk\/phpmenu.php?s=16\" target=\"_blank\" rel=\"noopener noreferrer\">www.unkk.sk<\/a>. Toto tla\u010divo vypln\u00edte a odo\u0161lete na \u00daniu kynologick\u00fdch klubov, spolu s \u00fahradou poplatku vo v\u00fd\u0161ke 40,00 \u20ac na \u00fa\u010det \u00danie kynologick\u00fdch klubov. T\u00ed va\u0161u \u017eiados\u0165 zaeviduj\u00fa a \u010falej posun\u00fa na FCI &#8211; medzin\u00e1rodn\u00fa kynologick\u00fa jednotu, ktor\u00e1 n\u00e1sledne \u017eiados\u0165 zaeviduje a schv\u00e1li (alebo neschv\u00e1li, ak nie\u010do nebude v poriadku&#8230;) a odo\u0161le nazad potvrdenie, ktor\u00e9 v\u00e1m pr\u00edde po\u0161tou na va\u0161u adresu. Cel\u00fd proces schva\u013eovania trv\u00e1 v praxi cca 3 mesiace. <a href=\"http:\/\/www.skj.sk\/tlaciva\/chovatelske_stanice_smernica.pdf\" target=\"_blank\" rel=\"noopener noreferrer\">TU n\u00e1jdete \u00fapln\u00fa smernicu<\/a> k zalo\u017eeniu CHS dan\u00fa UNKK.<\/p><\/div>\n\t\t\t\t<\/div>\n\t\t\t\t\t\t\t<div class=\"elementor-accordion-item\">\n\t\t\t\t\t<div id=\"elementor-tab-title-1613\" class=\"elementor-tab-title\" data-tab=\"3\" role=\"button\" aria-controls=\"elementor-tab-content-1613\" aria-expanded=\"false\">\n\t\t\t\t\t\t\t\t\t\t\t\t\t<span class=\"elementor-accordion-icon elementor-accordion-icon-left\" aria-hidden=\"true\">\n\t\t\t\t\t\t\t\t\t\t\t\t\t\t\t<span class=\"elementor-accordion-icon-closed\"><svg class=\"e-font-icon-svg e-fas-plus\" viewBox=\"0 0 448 512\" xmlns=\"http:\/\/www.w3.org\/2000\/svg\"><path d=\"M416 208H272V64c0-17.67-14.33-32-32-32h-32c-17.67 0-32 14.33-32 32v144H32c-17.67 0-32 14.33-32 32v32c0 17.67 14.33 32 32 32h144v144c0 17.67 14.33 32 32 32h32c17.67 0 32-14.33 32-32V304h144c17.67 0 32-14.33 32-32v-32c0-17.67-14.33-32-32-32z\"><\/path><\/svg><\/span>\n\t\t\t\t\t\t\t\t<span class=\"elementor-accordion-icon-opened\"><svg class=\"e-font-icon-svg e-fas-minus\" viewBox=\"0 0 448 512\" xmlns=\"http:\/\/www.w3.org\/2000\/svg\"><path d=\"M416 208H32c-17.67 0-32 14.33-32 32v32c0 17.67 14.33 32 32 32h384c17.67 0 32-14.33 32-32v-32c0-17.67-14.33-32-32-32z\"><\/path><\/svg><\/span>\n\t\t\t\t\t\t\t\t\t\t\t\t\t\t<\/span>\n\t\t\t\t\t\t\t\t\t\t\t\t<a class=\"elementor-accordion-title\" tabindex=\"0\">Ako zvoli\u0165 n\u00e1zov?<\/a>\n\t\t\t\t\t<\/div>\n\t\t\t\t\t<div id=\"elementor-tab-content-1613\" class=\"elementor-tab-content elementor-clearfix\" data-tab=\"3\" role=\"region\" aria-labelledby=\"elementor-tab-title-1613\"><p>Ka\u017ed\u00fd bud\u00faci chovate\u013e m\u00e1 u\u017e ur\u010dite nejak\u00fa predstavu. Overi\u0165 si \u010di ten v\u00e1\u0161 vysn\u00edvan\u00fd n\u00e1zov CHS je e\u0161te k dispoz\u00edcii, si m\u00f4\u017eete <strong><a href=\"http:\/\/www.fci.be\/en\/affixes\" target=\"_blank\" rel=\"noopener noreferrer\">TU<\/a><\/strong>na str\u00e1nkach medzin\u00e1rodnej kynologickej jednoty &#8211; FCI. Ka\u017ed\u00fd n\u00e1zov je jedine\u010dn\u00fd a nesmie sa duplikova\u0165.<\/p><\/div>\n\t\t\t\t<\/div>\n\t\t\t\t\t\t\t<div class=\"elementor-accordion-item\">\n\t\t\t\t\t<div id=\"elementor-tab-title-1614\" class=\"elementor-tab-title\" data-tab=\"4\" role=\"button\" aria-controls=\"elementor-tab-content-1614\" aria-expanded=\"false\">\n\t\t\t\t\t\t\t\t\t\t\t\t\t<span class=\"elementor-accordion-icon elementor-accordion-icon-left\" aria-hidden=\"true\">\n\t\t\t\t\t\t\t\t\t\t\t\t\t\t\t<span class=\"elementor-accordion-icon-closed\"><svg class=\"e-font-icon-svg e-fas-plus\" viewBox=\"0 0 448 512\" xmlns=\"http:\/\/www.w3.org\/2000\/svg\"><path d=\"M416 208H272V64c0-17.67-14.33-32-32-32h-32c-17.67 0-32 14.33-32 32v144H32c-17.67 0-32 14.33-32 32v32c0 17.67 14.33 32 32 32h144v144c0 17.67 14.33 32 32 32h32c17.67 0 32-14.33 32-32V304h144c17.67 0 32-14.33 32-32v-32c0-17.67-14.33-32-32-32z\"><\/path><\/svg><\/span>\n\t\t\t\t\t\t\t\t<span class=\"elementor-accordion-icon-opened\"><svg class=\"e-font-icon-svg e-fas-minus\" viewBox=\"0 0 448 512\" xmlns=\"http:\/\/www.w3.org\/2000\/svg\"><path d=\"M416 208H32c-17.67 0-32 14.33-32 32v32c0 17.67 14.33 32 32 32h384c17.67 0 32-14.33 32-32v-32c0-17.67-14.33-32-32-32z\"><\/path><\/svg><\/span>\n\t\t\t\t\t\t\t\t\t\t\t\t\t\t<\/span>\n\t\t\t\t\t\t\t\t\t\t\t\t<a class=\"elementor-accordion-title\" tabindex=\"0\">Potrebn\u00e9 zdravotn\u00e9 vy\u0161etrenia<\/a>\n\t\t\t\t\t<\/div>\n\t\t\t\t\t<div id=\"elementor-tab-content-1614\" class=\"elementor-tab-content elementor-clearfix\" data-tab=\"4\" role=\"region\" aria-labelledby=\"elementor-tab-title-1614\"><p><strong>Ophtalmologick\u00e9 vy\u0161etrenie<\/strong><br>MVDr. Alexandra Trbolov\u00e1 v Ko\u0161iciach a MVDr. Faga v Trnave.<br><strong>Lux\u00e1cia patelly<br><\/strong>XX<br><strong>DNA vy\u0161etrenie na PRA, PRCD<br><\/strong>Laboklin?<\/p><\/div>\n\t\t\t\t<\/div>\n\t\t\t\t\t\t\t<div class=\"elementor-accordion-item\">\n\t\t\t\t\t<div id=\"elementor-tab-title-1615\" class=\"elementor-tab-title\" data-tab=\"5\" role=\"button\" aria-controls=\"elementor-tab-content-1615\" aria-expanded=\"false\">\n\t\t\t\t\t\t\t\t\t\t\t\t\t<span class=\"elementor-accordion-icon elementor-accordion-icon-left\" aria-hidden=\"true\">\n\t\t\t\t\t\t\t\t\t\t\t\t\t\t\t<span class=\"elementor-accordion-icon-closed\"><svg class=\"e-font-icon-svg e-fas-plus\" viewBox=\"0 0 448 512\" xmlns=\"http:\/\/www.w3.org\/2000\/svg\"><path d=\"M416 208H272V64c0-17.67-14.33-32-32-32h-32c-17.67 0-32 14.33-32 32v144H32c-17.67 0-32 14.33-32 32v32c0 17.67 14.33 32 32 32h144v144c0 17.67 14.33 32 32 32h32c17.67 0 32-14.33 32-32V304h144c17.67 0 32-14.33 32-32v-32c0-17.67-14.33-32-32-32z\"><\/path><\/svg><\/span>\n\t\t\t\t\t\t\t\t<span class=\"elementor-accordion-icon-opened\"><svg class=\"e-font-icon-svg e-fas-minus\" viewBox=\"0 0 448 512\" xmlns=\"http:\/\/www.w3.org\/2000\/svg\"><path d=\"M416 208H32c-17.67 0-32 14.33-32 32v32c0 17.67 14.33 32 32 32h384c17.67 0 32-14.33 32-32v-32c0-17.67-14.33-32-32-32z\"><\/path><\/svg><\/span>\n\t\t\t\t\t\t\t\t\t\t\t\t\t\t<\/span>\n\t\t\t\t\t\t\t\t\t\t\t\t<a class=\"elementor-accordion-title\" tabindex=\"0\">M\u00e1m CHS, chcem \u0161teniatka. \u010co potrebujem?<\/a>\n\t\t\t\t\t<\/div>\n\t\t\t\t\t<div id=\"elementor-tab-content-1615\" class=\"elementor-tab-content elementor-clearfix\" data-tab=\"5\" role=\"region\" aria-labelledby=\"elementor-tab-title-1615\"><p>Potrebujete, aby va\u0161a su\u010dka bola uchovnen\u00e1 &#8211; tzn. mala absolvovan\u00fa bonit\u00e1ciu a sp\u013a\u0148ala v\u0161etky podmienky chovnosti. N\u00e1sledne sa obr\u00e1tite na poradcu s poradcom chovu klubu, pre zvolenie vhodn\u00e9ho krycieho psa. Potom vyp\u00ed\u0161ete <a href=\"https:\/\/www.bichonklub.sk\/wp-content\/uploads\/2022\/06\/ziadost-kryci-list.doc\">\u017diados\u0165 o prip\u00fa\u0161\u0165acie povolenie<\/a>, ktor\u00fa odo\u0161lete klubu. Ten v\u00e1m obratom vystav\u00ed Prip\u00fa\u0161tacie povolenie, s ktor\u00fdm p\u00f4jdete su\u010dku kry\u0165 . Prip\u00fa\u0161\u0165acie povolenie mus\u00edte ma\u0165 pri sebe, nako\u013eko ho potrebuje aj majite\u013e psa, ktor\u00fd V\u00e1m ho mus\u00ed podp\u00edsa\u0165 spolu s d\u00e1tumom krytia. POZOR ! Pod\u013ea chovate\u013esk\u00e9ho poriadku SKJ a FCI nie je povolen\u00e9 suku inseminova\u0165 bez predo\u0161l\u00e9ho schv\u00e1lenia poradcom chovu ! O prip\u00fa\u0161\u0165acie povolenie mus\u00ed po\u017eiada\u0165 majite\u013e suky minim\u00e1lne 30 dn\u00ed pred pl\u00e1novan\u00fdm kryt\u00edm. V opa\u010dnom pr\u00edpade uklad\u00e1 klub majite\u013eovi suky povinnos\u0165 uhradi\u0165 poplatok za zr\u00fdchlen\u00e9 vybavenie povolenia vo v\u00fd\u0161ke 20,00 \u20ac.<\/p><\/div>\n\t\t\t\t<\/div>\n\t\t\t\t\t\t\t<div class=\"elementor-accordion-item\">\n\t\t\t\t\t<div id=\"elementor-tab-title-1616\" class=\"elementor-tab-title\" data-tab=\"6\" role=\"button\" aria-controls=\"elementor-tab-content-1616\" aria-expanded=\"false\">\n\t\t\t\t\t\t\t\t\t\t\t\t\t<span class=\"elementor-accordion-icon elementor-accordion-icon-left\" aria-hidden=\"true\">\n\t\t\t\t\t\t\t\t\t\t\t\t\t\t\t<span class=\"elementor-accordion-icon-closed\"><svg class=\"e-font-icon-svg e-fas-plus\" viewBox=\"0 0 448 512\" xmlns=\"http:\/\/www.w3.org\/2000\/svg\"><path d=\"M416 208H272V64c0-17.67-14.33-32-32-32h-32c-17.67 0-32 14.33-32 32v144H32c-17.67 0-32 14.33-32 32v32c0 17.67 14.33 32 32 32h144v144c0 17.67 14.33 32 32 32h32c17.67 0 32-14.33 32-32V304h144c17.67 0 32-14.33 32-32v-32c0-17.67-14.33-32-32-32z\"><\/path><\/svg><\/span>\n\t\t\t\t\t\t\t\t<span class=\"elementor-accordion-icon-opened\"><svg class=\"e-font-icon-svg e-fas-minus\" viewBox=\"0 0 448 512\" xmlns=\"http:\/\/www.w3.org\/2000\/svg\"><path d=\"M416 208H32c-17.67 0-32 14.33-32 32v32c0 17.67 14.33 32 32 32h384c17.67 0 32-14.33 32-32v-32c0-17.67-14.33-32-32-32z\"><\/path><\/svg><\/span>\n\t\t\t\t\t\t\t\t\t\t\t\t\t\t<\/span>\n\t\t\t\t\t\t\t\t\t\t\t\t<a class=\"elementor-accordion-title\" tabindex=\"0\">Narodili sa n\u00e1m \u0161teniatka. \u010co m\u00e1me robi\u0165?<\/a>\n\t\t\t\t\t<\/div>\n\t\t\t\t\t<div id=\"elementor-tab-content-1616\" class=\"elementor-tab-content elementor-clearfix\" data-tab=\"6\" role=\"region\" aria-labelledby=\"elementor-tab-title-1616\"><p>Vyp\u00edsa\u0165 prihl\u00e1\u0161ku vrhu, ktor\u00fa odo\u0161lete poradcovi chovu spolu s potvrden\u00edm o \u00fahrade poplatku za prihl\u00e1senie \u0161teniat pod\u013ea aktu\u00e1lneho cenn\u00edku klubu. Klub v\u00e1m nazad po\u0161le prihl\u00e1\u0161ku \u0161teniat pre UNKK. Ke\u010f bud\u00fa ma\u0165 \u0161teniatka 6 t\u00fd\u017ed\u0148ov, p\u00f4jdete k v\u00e1\u0161mu veterin\u00e1rovi, ktor\u00e1 v\u00e1m \u0161te\u0148at\u00e1 za\u010dipuje a potvrd\u00ed prihl\u00e1\u0161ku \u0161teniat s \u010d\u00edslami \u010dipov. T\u00fato veterin\u00e1rom potvrden\u00fa prihl\u00e1\u0161ku \u0161teniat odo\u0161lete spolu s prip\u00fa\u0161\u0165ac\u00edm povolen\u00edm na plemenn\u00fa knihu <a href=\"https:\/\/unkk.sk\/phpmenu.php\">UKK<\/a>, odkia\u013e v\u00e1m dobierkou na va\u0161u adresu pr\u00eddu hotov\u00e9 rodokmene va\u0161ich \u0161teniat. Tie pred t\u00fdm, ne\u017e \u0161teniatko pred\u00e1te nov\u00fdm majite\u013eom nezabudnite ako chovate\u013e podp\u00edsa\u0165. Bez v\u00e1\u0161ho podpisu s\u00fa toti\u017e rodokmene neplatn\u00e9.<\/p><\/div>\n\t\t\t\t<\/div>\n\t\t\t\t\t\t\t<div class=\"elementor-accordion-item\">\n\t\t\t\t\t<div id=\"elementor-tab-title-1617\" class=\"elementor-tab-title\" data-tab=\"7\" role=\"button\" aria-controls=\"elementor-tab-content-1617\" aria-expanded=\"false\">\n\t\t\t\t\t\t\t\t\t\t\t\t\t<span class=\"elementor-accordion-icon elementor-accordion-icon-left\" aria-hidden=\"true\">\n\t\t\t\t\t\t\t\t\t\t\t\t\t\t\t<span class=\"elementor-accordion-icon-closed\"><svg class=\"e-font-icon-svg e-fas-plus\" viewBox=\"0 0 448 512\" xmlns=\"http:\/\/www.w3.org\/2000\/svg\"><path d=\"M416 208H272V64c0-17.67-14.33-32-32-32h-32c-17.67 0-32 14.33-32 32v144H32c-17.67 0-32 14.33-32 32v32c0 17.67 14.33 32 32 32h144v144c0 17.67 14.33 32 32 32h32c17.67 0 32-14.33 32-32V304h144c17.67 0 32-14.33 32-32v-32c0-17.67-14.33-32-32-32z\"><\/path><\/svg><\/span>\n\t\t\t\t\t\t\t\t<span class=\"elementor-accordion-icon-opened\"><svg class=\"e-font-icon-svg e-fas-minus\" viewBox=\"0 0 448 512\" xmlns=\"http:\/\/www.w3.org\/2000\/svg\"><path d=\"M416 208H32c-17.67 0-32 14.33-32 32v32c0 17.67 14.33 32 32 32h384c17.67 0 32-14.33 32-32v-32c0-17.67-14.33-32-32-32z\"><\/path><\/svg><\/span>\n\t\t\t\t\t\t\t\t\t\t\t\t\t\t<\/span>\n\t\t\t\t\t\t\t\t\t\t\t\t<a class=\"elementor-accordion-title\" tabindex=\"0\">Kde n\u00e1jdem konkr\u00e9tneho chovn\u00e9ho psa? <\/a>\n\t\t\t\t\t<\/div>\n\t\t\t\t\t<div id=\"elementor-tab-content-1617\" class=\"elementor-tab-content elementor-clearfix\" data-tab=\"7\" role=\"region\" aria-labelledby=\"elementor-tab-title-1617\"><p>Zoznam chovn\u00fdch psov a chovn\u00fdch s\u00fak n\u00e1jdete v r\u00e1mci jednotliv\u00fdch plemien v ich menu.<\/p><\/div>\n\t\t\t\t<\/div>\n\t\t\t\t\t\t\t\t<\/div>\n\t\t\t\t\t\t<\/div>\n\t\t\t\t<\/div>\n\t\t\t\t\t<\/div>\n\t\t\t\t<\/div>\n\t\t\t\t<\/div>\n\t\t","protected":false},"excerpt":{"rendered":"<p>Kto si m\u00f4\u017ee zalo\u017ei\u0165 chovate\u013esk\u00fa stanicu? chovate\u013esk\u00fa stanicu si m\u00f4\u017ee zalo\u017ei\u0165 prakticky ka\u017ed\u00fd ob\u010dan nad 18 rokov, ktor\u00fd sa pl\u00e1nuje svedomito podie\u013ea\u0165 na \u0161\u00edren\u00ed a zu\u0161\u013eacht\u0148ovan\u00ed svojho milovan\u00e9ho plemena. Ide o ve\u013emi zodpovedn\u00fd krok a bud\u00faci chovate\u013e by si toho mal by\u0165 vedom\u00fd. Ka\u017ed\u00fd chovate\u013e sa mus\u00ed riadi\u0165 etick\u00fdm k\u00f3dexom chovate\u013ea a vo svojej chovate\u013eskej [&hellip;]<\/p>\n","protected":false},"author":2,"featured_media":0,"parent":0,"menu_order":0,"comment_status":"closed","ping_status":"closed","template":"","meta":{"_angie_page":false,"slim_seo":{"title":"FAQ - Bichon klub Slovensko","description":"Kto si m\u00f4\u017ee zalo\u017ei\u0165 chovate\u013esk\u00fa stanicu? chovate\u013esk\u00fa stanicu si m\u00f4\u017ee zalo\u017ei\u0165 prakticky ka\u017ed\u00fd ob\u010dan nad 18 rokov, ktor\u00fd sa pl\u00e1nuje svedomito podie\u013ea\u0165 na \u0161\u00edren\u00ed a"},"iawp_total_views":1,"footnotes":""},"class_list":["post-1107","page","type-page","status-publish","hentry"],"_links":{"self":[{"href":"https:\/\/www.bichonklub.sk\/en\/wp-json\/wp\/v2\/pages\/1107","targetHints":{"allow":["GET"]}}],"collection":[{"href":"https:\/\/www.bichonklub.sk\/en\/wp-json\/wp\/v2\/pages"}],"about":[{"href":"https:\/\/www.bichonklub.sk\/en\/wp-json\/wp\/v2\/types\/page"}],"author":[{"embeddable":true,"href":"https:\/\/www.bichonklub.sk\/en\/wp-json\/wp\/v2\/users\/2"}],"replies":[{"embeddable":true,"href":"https:\/\/www.bichonklub.sk\/en\/wp-json\/wp\/v2\/comments?post=1107"}],"version-history":[{"count":0,"href":"https:\/\/www.bichonklub.sk\/en\/wp-json\/wp\/v2\/pages\/1107\/revisions"}],"wp:attachment":[{"href":"https:\/\/www.bichonklub.sk\/en\/wp-json\/wp\/v2\/media?parent=1107"}],"curies":[{"name":"wp","href":"https:\/\/api.w.org\/{rel}","templated":true}]}}