{"id":1075,"date":"2026-02-12T18:58:48","date_gmt":"2026-02-12T17:58:48","guid":{"rendered":"https:\/\/www.bichonklub.sk\/bichon-a-poil-frise\/kennels\/"},"modified":"2026-02-12T19:04:27","modified_gmt":"2026-02-12T18:04:27","slug":"kennels","status":"publish","type":"page","link":"https:\/\/www.bichonklub.sk\/en\/bichon-a-poil-frise\/kennels\/","title":{"rendered":"Kennels"},"content":{"rendered":"\t\t<div data-elementor-type=\"wp-page\" data-elementor-id=\"1075\" class=\"elementor elementor-1075 elementor-428\" data-elementor-post-type=\"page\">\n\t\t\t\t<div class=\"elementor-element elementor-element-4ded6dd9 e-flex e-con-boxed e-con e-parent\" data-id=\"4ded6dd9\" data-element_type=\"container\" data-e-type=\"container\">\n\t\t\t\t\t<div class=\"e-con-inner\">\n\t\t\t\t<div class=\"elementor-element elementor-element-3bb46346 elementor-widget elementor-widget-heading\" data-id=\"3bb46346\" data-element_type=\"widget\" data-e-type=\"widget\" data-widget_type=\"heading.default\">\n\t\t\t\t<div class=\"elementor-widget-container\">\n\t\t\t\t\t<h2 class=\"elementor-heading-title elementor-size-default\">Kennels Bichon \u00e0 poil fris\u00e9<\/h2>\t\t\t\t<\/div>\n\t\t\t\t<\/div>\n\t\t\t\t<div class=\"elementor-element elementor-element-13aefe2 elementor-widget elementor-widget-text-editor\" data-id=\"13aefe2\" data-element_type=\"widget\" data-e-type=\"widget\" data-widget_type=\"text-editor.default\">\n\t\t\t\t<div class=\"elementor-widget-container\">\n\t\t\t\t\t\t\t\t\t<p><strong><a href=\"http:\/\/camelliawhite.webnode.sk\/\" target=\"_blank\" rel=\"noopener noreferrer\">CAMELLIA WHITE<\/a><\/strong>&#8211; Katar\u00edna Mikulov\u00e1, Liptovsk\u00fd Mikul\u00e1\u0161<\/p><p><strong><a href=\"http:\/\/www.ofamber.sk\/\" target=\"_blank\" rel=\"noopener noreferrer\">DANCO OF AMBER<\/a><\/strong> &#8211; MVDr. Patr\u00edcia Dankov\u00e1, Michalovce<\/p><p><strong><a href=\"http:\/\/www.hascikova.hys.cz\/1.html\" target=\"_blank\" rel=\"noopener noreferrer\">HA\u0160\u010c\u00cdKOV\u00c1 <\/a><\/strong>&#8211; M\u00e1ria Starovsk\u00e1, Nov\u00e1<br>Bystrica<\/p><p><strong><a href=\"http:\/\/www.bichonapoilfrise.eu\/\" target=\"_blank\" rel=\"noopener noreferrer\">KATE\u00b4S VELVET PAW<\/a><\/strong>&#8211; Katar\u00edna Gam\u010d\u00edkov\u00e1, Ko\u0161ice<\/p><p><strong><a href=\"http:\/\/sites.google.com\/site\/muffinorchidee\/Home\" target=\"_blank\" rel=\"noopener noreferrer\">MUFFIN ORCHIDEE BLANCHE<\/a><\/strong> &#8211; Mgr. Nat\u00e1lia \u0160pesov\u00e1, Petrovany, tel. +421911278741, <a href=\"mailto:spesova.natalka@gmail.com\">spesova.natalka@gmail.com<\/a><\/p><p><strong><a href=\"http:\/\/bichonniaalba.webnode.sk\/\" target=\"_blank\" rel=\"noopener noreferrer\">NIA ALBA<\/a><\/strong> &#8211; Mgr. M\u00e1ria Anov\u010dinov\u00e1, Such\u00e1 nad Parnou<\/p><p><strong><a href=\"http:\/\/ombrabianca.webnode.sk\/\" target=\"_blank\" rel=\"noopener noreferrer\">OMBRA BIANCA<\/a><\/strong> &#8211; Agnesa Laz\u00e1rov\u00e1, Lu\u010denec<\/p><p><strong><a href=\"http:\/\/www.bisonlevice.szm.sk\/\" target=\"_blank\" rel=\"noopener noreferrer\">ROKUS<\/a><\/strong> &#8211; Ing. Nade\u017eda Kuntov\u00e1, Levice<\/p><p><strong>WHITE SNOW ANGEL <\/strong>&#8211; M\u00e1ria \u0160tibrav\u00e1, Sere\u010f<\/p>\t\t\t\t\t\t\t\t<\/div>\n\t\t\t\t<\/div>\n\t\t\t\t\t<\/div>\n\t\t\t\t<\/div>\n\t\t\t\t<\/div>\n\t\t","protected":false},"excerpt":{"rendered":"<p>Kennels Bichon \u00e0 poil fris\u00e9 CAMELLIA WHITE&#8211; Katar\u00edna Mikulov\u00e1, Liptovsk\u00fd Mikul\u00e1\u0161 DANCO OF AMBER &#8211; MVDr. Patr\u00edcia Dankov\u00e1, Michalovce HA\u0160\u010c\u00cdKOV\u00c1 &#8211; M\u00e1ria Starovsk\u00e1, Nov\u00e1Bystrica KATE\u00b4S VELVET PAW&#8211; Katar\u00edna Gam\u010d\u00edkov\u00e1, Ko\u0161ice MUFFIN ORCHIDEE BLANCHE &#8211; Mgr. Nat\u00e1lia \u0160pesov\u00e1, Petrovany, tel. +421911278741, spesova.natalka@gmail.com NIA ALBA &#8211; Mgr. M\u00e1ria Anov\u010dinov\u00e1, Such\u00e1 nad Parnou OMBRA BIANCA &#8211; Agnesa Laz\u00e1rov\u00e1, [&hellip;]<\/p>\n","protected":false},"author":2,"featured_media":0,"parent":1071,"menu_order":0,"comment_status":"closed","ping_status":"closed","template":"","meta":{"_angie_page":false,"slim_seo":{"title":"Kennels - Bichon klub Slovensko","description":"Kennels Bichon \u00e0 poil fris\u00e9 CAMELLIA WHITE - Katar\u00edna Mikulov\u00e1, Liptovsk\u00fd Mikul\u00e1\u0161 DANCO OF AMBER - MVDr. Patr\u00edcia Dankov\u00e1, Michalovce HA\u0160\u010c\u00cdKOV\u00c1 - M\u00e1ria Starovsk"},"iawp_total_views":21,"footnotes":""},"class_list":["post-1075","page","type-page","status-publish","hentry"],"_links":{"self":[{"href":"https:\/\/www.bichonklub.sk\/en\/wp-json\/wp\/v2\/pages\/1075","targetHints":{"allow":["GET"]}}],"collection":[{"href":"https:\/\/www.bichonklub.sk\/en\/wp-json\/wp\/v2\/pages"}],"about":[{"href":"https:\/\/www.bichonklub.sk\/en\/wp-json\/wp\/v2\/types\/page"}],"author":[{"embeddable":true,"href":"https:\/\/www.bichonklub.sk\/en\/wp-json\/wp\/v2\/users\/2"}],"replies":[{"embeddable":true,"href":"https:\/\/www.bichonklub.sk\/en\/wp-json\/wp\/v2\/comments?post=1075"}],"version-history":[{"count":0,"href":"https:\/\/www.bichonklub.sk\/en\/wp-json\/wp\/v2\/pages\/1075\/revisions"}],"up":[{"embeddable":true,"href":"https:\/\/www.bichonklub.sk\/en\/wp-json\/wp\/v2\/pages\/1071"}],"wp:attachment":[{"href":"https:\/\/www.bichonklub.sk\/en\/wp-json\/wp\/v2\/media?parent=1075"}],"curies":[{"name":"wp","href":"https:\/\/api.w.org\/{rel}","templated":true}]}}